{"id":7758,"date":"2022-03-14T14:17:50","date_gmt":"2022-03-14T14:17:50","guid":{"rendered":"https:\/\/www.jadek-pensa.si\/?page_id=7758"},"modified":"2022-03-15T08:22:32","modified_gmt":"2022-03-15T08:22:32","slug":"arzneimittel","status":"publish","type":"page","link":"http:\/\/www.jadek-pensa.si\/de\/arbeitsfelder\/arzneimittel\/","title":{"rendered":"Arzneimittel"},"content":{"rendered":"<p>Die Regulierung der pharmazeutischen Industrie umfasst verschiedene nationale und EU-Rechtsakte, die darauf abzielen, die Sicherheit, Wirksamkeit und Qualit\u00e4t von Arzneimitteln und deren Erstattung aus \u00f6ffentlichen Mitteln zu gew\u00e4hrleisten. Wir verf\u00fcgen \u00fcber umfassende Erfahrung mit verschiedenen Aspekten des Arzneimittelrechts, wie Werbung, Herstellungs- und Gro\u00dfhandelslizenzen, Genehmigungen zum Inverkehrbringen, gesetzlicher Datenschutz, Preisgestaltung und Kostenerstattung.<\/p>\n<p>Geistige Eigentumsrechte leisten einen wichtigen Beitrag zur Entwicklung von Arzneimitteln. Unsere langj\u00e4hrige Erfahrung umfasst pharmazeutische Patentstreitigkeiten, sowohl bei der Vertretung von Pharmaunternehmen vor Gericht (in Streitigkeiten bez\u00fcglich Patentverletzung und Rechtsbest\u00e4ndigkeit sowie in Verfahren des einstweiligen Rechtsschutzes) als auch bei der Beratung zur Vorbereitung auf potenzielle Rechtsstreitigkeiten und zur Vermeidung von Rechtsstreitigkeiten, wo dies m\u00f6glich ist.<\/p>\n","protected":false},"excerpt":{"rendered":"<p>Die Regulierung der pharmazeutischen Industrie umfasst verschiedene nationale und EU-Rechtsakte, die darauf abzielen, die Sicherheit, Wirksamkeit und Qualit\u00e4t von Arzneimitteln und deren Erstattung aus \u00f6ffentlichen Mitteln zu gew\u00e4hrleisten. Wir verf\u00fcgen \u00fcber umfassende Erfahrung mit verschiedenen Aspekten des Arzneimittelrechts, wie Werbung, Herstellungs- und Gro\u00dfhandelslizenzen, Genehmigungen zum Inverkehrbringen, gesetzlicher Datenschutz, Preisgestaltung und Kostenerstattung. Geistige Eigentumsrechte leisten einen<\/p>\n","protected":false},"author":6,"featured_media":0,"parent":653,"menu_order":11,"comment_status":"closed","ping_status":"closed","template":"page-templates\/fields-of-work.php","meta":{"_acf_changed":false,"footnotes":""},"class_list":["post-7758","page","type-page","status-publish","hentry"],"acf":[],"yoast_head":"<!-- This site is optimized with the Yoast SEO plugin v27.4 - https:\/\/yoast.com\/product\/yoast-seo-wordpress\/ -->\n<title>Arzneimittel - Jadek &amp; Pensa<\/title>\n<meta name=\"robots\" content=\"index, follow, max-snippet:-1, max-image-preview:large, max-video-preview:-1\" \/>\n<link rel=\"canonical\" href=\"http:\/\/www.jadek-pensa.si\/de\/arbeitsfelder\/arzneimittel\/\" \/>\n<meta property=\"og:locale\" content=\"de_DE\" \/>\n<meta property=\"og:type\" content=\"article\" \/>\n<meta property=\"og:title\" content=\"Arzneimittel - Jadek &amp; Pensa\" \/>\n<meta property=\"og:description\" content=\"Die Regulierung der pharmazeutischen Industrie umfasst verschiedene nationale und EU-Rechtsakte, die darauf abzielen, die Sicherheit, Wirksamkeit und Qualit\u00e4t von Arzneimitteln und deren Erstattung aus \u00f6ffentlichen Mitteln zu gew\u00e4hrleisten. Wir verf\u00fcgen \u00fcber umfassende Erfahrung mit verschiedenen Aspekten des Arzneimittelrechts, wie Werbung, Herstellungs- und Gro\u00dfhandelslizenzen, Genehmigungen zum Inverkehrbringen, gesetzlicher Datenschutz, Preisgestaltung und Kostenerstattung. Geistige Eigentumsrechte leisten einen\" \/>\n<meta property=\"og:url\" content=\"http:\/\/www.jadek-pensa.si\/de\/arbeitsfelder\/arzneimittel\/\" \/>\n<meta property=\"og:site_name\" content=\"Jadek &amp; Pensa\" \/>\n<meta property=\"article:modified_time\" content=\"2022-03-15T08:22:32+00:00\" \/>\n<meta property=\"og:image\" content=\"http:\/\/www.jadek-pensa.si\/wp-content\/uploads\/2024\/12\/social-image-scaled.jpg\" \/>\n\t<meta property=\"og:image:width\" content=\"2560\" \/>\n\t<meta property=\"og:image:height\" content=\"1440\" \/>\n\t<meta property=\"og:image:type\" content=\"image\/jpeg\" \/>\n<meta name=\"twitter:card\" content=\"summary_large_image\" \/>\n<meta name=\"twitter:label1\" content=\"Gesch\u00e4tzte Lesezeit\" \/>\n\t<meta name=\"twitter:data1\" content=\"1\u00a0Minute\" \/>\n<script type=\"application\/ld+json\" class=\"yoast-schema-graph\">{\"@context\":\"https:\\\/\\\/schema.org\",\"@graph\":[{\"@type\":\"WebPage\",\"@id\":\"http:\\\/\\\/www.jadek-pensa.si\\\/de\\\/arbeitsfelder\\\/arzneimittel\\\/\",\"url\":\"http:\\\/\\\/www.jadek-pensa.si\\\/de\\\/arbeitsfelder\\\/arzneimittel\\\/\",\"name\":\"Arzneimittel - Jadek &amp; Pensa\",\"isPartOf\":{\"@id\":\"https:\\\/\\\/www.jadek-pensa.si\\\/de\\\/#website\"},\"datePublished\":\"2022-03-14T14:17:50+00:00\",\"dateModified\":\"2022-03-15T08:22:32+00:00\",\"breadcrumb\":{\"@id\":\"http:\\\/\\\/www.jadek-pensa.si\\\/de\\\/arbeitsfelder\\\/arzneimittel\\\/#breadcrumb\"},\"inLanguage\":\"de\",\"potentialAction\":[{\"@type\":\"ReadAction\",\"target\":[\"http:\\\/\\\/www.jadek-pensa.si\\\/de\\\/arbeitsfelder\\\/arzneimittel\\\/\"]}]},{\"@type\":\"BreadcrumbList\",\"@id\":\"http:\\\/\\\/www.jadek-pensa.si\\\/de\\\/arbeitsfelder\\\/arzneimittel\\\/#breadcrumb\",\"itemListElement\":[{\"@type\":\"ListItem\",\"position\":1,\"name\":\"Home\",\"item\":\"https:\\\/\\\/www.jadek-pensa.si\\\/de\\\/\"},{\"@type\":\"ListItem\",\"position\":2,\"name\":\"Arbeitsfelder\",\"item\":\"https:\\\/\\\/www.jadek-pensa.si\\\/de\\\/arbeitsfelder\\\/\"},{\"@type\":\"ListItem\",\"position\":3,\"name\":\"Arzneimittel\"}]},{\"@type\":\"WebSite\",\"@id\":\"https:\\\/\\\/www.jadek-pensa.si\\\/de\\\/#website\",\"url\":\"https:\\\/\\\/www.jadek-pensa.si\\\/de\\\/\",\"name\":\"Jadek &amp; Pensa\",\"description\":\"\",\"potentialAction\":[{\"@type\":\"SearchAction\",\"target\":{\"@type\":\"EntryPoint\",\"urlTemplate\":\"https:\\\/\\\/www.jadek-pensa.si\\\/de\\\/?s={search_term_string}\"},\"query-input\":{\"@type\":\"PropertyValueSpecification\",\"valueRequired\":true,\"valueName\":\"search_term_string\"}}],\"inLanguage\":\"de\"}]}<\/script>\n<!-- \/ Yoast SEO plugin. -->","yoast_head_json":{"title":"Arzneimittel - Jadek &amp; Pensa","robots":{"index":"index","follow":"follow","max-snippet":"max-snippet:-1","max-image-preview":"max-image-preview:large","max-video-preview":"max-video-preview:-1"},"canonical":"http:\/\/www.jadek-pensa.si\/de\/arbeitsfelder\/arzneimittel\/","og_locale":"de_DE","og_type":"article","og_title":"Arzneimittel - Jadek &amp; Pensa","og_description":"Die Regulierung der pharmazeutischen Industrie umfasst verschiedene nationale und EU-Rechtsakte, die darauf abzielen, die Sicherheit, Wirksamkeit und Qualit\u00e4t von Arzneimitteln und deren Erstattung aus \u00f6ffentlichen Mitteln zu gew\u00e4hrleisten. Wir verf\u00fcgen \u00fcber umfassende Erfahrung mit verschiedenen Aspekten des Arzneimittelrechts, wie Werbung, Herstellungs- und Gro\u00dfhandelslizenzen, Genehmigungen zum Inverkehrbringen, gesetzlicher Datenschutz, Preisgestaltung und Kostenerstattung. Geistige Eigentumsrechte leisten einen","og_url":"http:\/\/www.jadek-pensa.si\/de\/arbeitsfelder\/arzneimittel\/","og_site_name":"Jadek &amp; Pensa","article_modified_time":"2022-03-15T08:22:32+00:00","og_image":[{"width":2560,"height":1440,"url":"http:\/\/www.jadek-pensa.si\/wp-content\/uploads\/2024\/12\/social-image-scaled.jpg","type":"image\/jpeg"}],"twitter_card":"summary_large_image","twitter_misc":{"Gesch\u00e4tzte Lesezeit":"1\u00a0Minute"},"schema":{"@context":"https:\/\/schema.org","@graph":[{"@type":"WebPage","@id":"http:\/\/www.jadek-pensa.si\/de\/arbeitsfelder\/arzneimittel\/","url":"http:\/\/www.jadek-pensa.si\/de\/arbeitsfelder\/arzneimittel\/","name":"Arzneimittel - Jadek &amp; Pensa","isPartOf":{"@id":"https:\/\/www.jadek-pensa.si\/de\/#website"},"datePublished":"2022-03-14T14:17:50+00:00","dateModified":"2022-03-15T08:22:32+00:00","breadcrumb":{"@id":"http:\/\/www.jadek-pensa.si\/de\/arbeitsfelder\/arzneimittel\/#breadcrumb"},"inLanguage":"de","potentialAction":[{"@type":"ReadAction","target":["http:\/\/www.jadek-pensa.si\/de\/arbeitsfelder\/arzneimittel\/"]}]},{"@type":"BreadcrumbList","@id":"http:\/\/www.jadek-pensa.si\/de\/arbeitsfelder\/arzneimittel\/#breadcrumb","itemListElement":[{"@type":"ListItem","position":1,"name":"Home","item":"https:\/\/www.jadek-pensa.si\/de\/"},{"@type":"ListItem","position":2,"name":"Arbeitsfelder","item":"https:\/\/www.jadek-pensa.si\/de\/arbeitsfelder\/"},{"@type":"ListItem","position":3,"name":"Arzneimittel"}]},{"@type":"WebSite","@id":"https:\/\/www.jadek-pensa.si\/de\/#website","url":"https:\/\/www.jadek-pensa.si\/de\/","name":"Jadek &amp; Pensa","description":"","potentialAction":[{"@type":"SearchAction","target":{"@type":"EntryPoint","urlTemplate":"https:\/\/www.jadek-pensa.si\/de\/?s={search_term_string}"},"query-input":{"@type":"PropertyValueSpecification","valueRequired":true,"valueName":"search_term_string"}}],"inLanguage":"de"}]}},"_links":{"self":[{"href":"http:\/\/www.jadek-pensa.si\/de\/wp-json\/wp\/v2\/pages\/7758","targetHints":{"allow":["GET"]}}],"collection":[{"href":"http:\/\/www.jadek-pensa.si\/de\/wp-json\/wp\/v2\/pages"}],"about":[{"href":"http:\/\/www.jadek-pensa.si\/de\/wp-json\/wp\/v2\/types\/page"}],"author":[{"embeddable":true,"href":"http:\/\/www.jadek-pensa.si\/de\/wp-json\/wp\/v2\/users\/6"}],"replies":[{"embeddable":true,"href":"http:\/\/www.jadek-pensa.si\/de\/wp-json\/wp\/v2\/comments?post=7758"}],"version-history":[{"count":0,"href":"http:\/\/www.jadek-pensa.si\/de\/wp-json\/wp\/v2\/pages\/7758\/revisions"}],"up":[{"embeddable":true,"href":"http:\/\/www.jadek-pensa.si\/de\/wp-json\/wp\/v2\/pages\/653"}],"wp:attachment":[{"href":"http:\/\/www.jadek-pensa.si\/de\/wp-json\/wp\/v2\/media?parent=7758"}],"curies":[{"name":"wp","href":"https:\/\/api.w.org\/{rel}","templated":true}]}}