{"id":973,"date":"2017-12-12T08:49:13","date_gmt":"2017-12-12T08:49:13","guid":{"rendered":"http:\/\/jadek-pensa.si\/\/kariera\/"},"modified":"2024-01-24T08:43:05","modified_gmt":"2024-01-24T08:43:05","slug":"karriere","status":"publish","type":"page","link":"http:\/\/www.jadek-pensa.si\/de\/karriere\/","title":{"rendered":"Karriere"},"content":{"rendered":"<h3><strong>Wer sind Jadek &amp; Pensa?<\/strong><\/h3>\n<p>Wir sind eine der gr\u00f6\u00dferen Anwaltskanzleien in Slowenien. Die Probleme, die wir l\u00f6sen, und die Sachen, an denen wir arbeiten, sind oft anspruchsvoll und voller Herausforderungen. Wir sind international orientiert, deswegen erbringen wir ein wichtiger Teil unserer Arbeit in Fremdsprachen. Wir sind zur Qualifizierung und Qualit\u00e4t auf h\u00f6chstem Niveau verpflichtet, was die Grundlage unserer Ergebnisse darstellt. Unser Team ist hochqualifiziert, seiner Arbeit gewidmet und verantwortlich.<\/p>\n<p>Wir sind uns bewusst, dass unsere Angestellten unsere bedeutendste Investition und eine Voraussetzung f\u00fcr Erfolg sind, deswegen sind wir dazu verpflichtet, in sie zu investieren. Wir bauen anhaltende Beziehungen und f\u00f6rdern die Zugeh\u00f6rigkeit der Gemeinschaft, da unsere Exzellenz auf Teamarbeit st\u00fctzt. Wir unterst\u00fctzen Vielfalt und integrative Arbeitsumgebung und sch\u00e4tzen Engagement und gute Beziehungen.<\/p>\n<h3><strong>Warum Jadek &amp; Pensa?<\/strong><\/h3>\n<p>In unserer Kanzlei schaffen wir eine aktive Umgebung, in der eine Einzelperson ihr ganzes Potenzial aussch\u00f6pfen kann. Wir streben danach, dass die Berufskarriere jedes Angestellten mit vielf\u00e4ltigen und interessanten Erfahrungen gepr\u00e4gt wird und dass jeder bei uns seine pers\u00f6nliche Note lassen kann. Wir suchen talentierte, motivierte, kollegiale und engagierte Mitarbeiter mit Eigeninitiative, die in einer Umgebung voller Herausforderungen und M\u00f6glichkeiten f\u00fcr Selbstverwirklichung arbeiten m\u00f6chten und der Ansicht sind, dass Arbeit auch Freude bereiten kann. Ehrliches Interesse an anderen und Akzeptanz der Unterschiedlichkeit sind unbedingt notwendig f\u00fcr gute Teamarbeit.<\/p>\n<p>Den Angestellten in unserer Kanzlei gew\u00e4hren wir Mentoring seitens erfahrener Kollegen und zahlreiche M\u00f6glichkeiten zur allgemeinen und beruflichen Weiterbildung. Wir erm\u00f6glichen das Kennenlernen verschiedener Formen und Arten der Rechtsanwaltst\u00e4tigkeiten (Transaktionen, Beratung, Vermeidung und Beilegung von Rechtsstreitigkeiten), wir f\u00f6rdern Spezialisierung in individuellen Rechtsbereichen und zu diesem Zweck auch Teilnahme an Ausbildungen in Slowenien und im Ausland. Regelm\u00e4\u00dfig organisieren wir auch interne Ausbildungen, wo \u00e4ltere Kollege den j\u00fcngeren ihre Kenntnisse und Erfahrungen aus verschiedenen Bereichen \u00fcbermitteln.<\/p>\n<p>Da sich wegen der raschen technologischen Entwicklung die Welt schneller denn je ver\u00e4ndert, sind wir uns bewusst, dass die J\u00fcngeren mit ihren frischen Ideen und innovativen Vorschl\u00e4gen bedeutend zu unserem Fortschritt beitragen k\u00f6nnen. Deswegen ermuntern wir unsere Angestellten auf verschiedene Weisen zur aktiven Beteiligung an Sachen bez\u00fcglich der T\u00e4tigkeit unserer Kanzlei und zur Vorbereitung von Vorschl\u00e4gen f\u00fcr Fortschritt und Verbesserungen, die wir st\u00e4ndig einf\u00fchren. Wir sorgen auch daf\u00fcr, dass alle Angestellten regelm\u00e4\u00dfig \u00fcber die Sachen der Kanzlei informiert werden.<\/p>\n<p>Zum verst\u00e4rkten Zusammenhalt und Festigung der Beziehungen zwischen den Angestellten organisieren wir regelm\u00e4\u00dfig Teambuilding-Aktivit\u00e4ten und andere Formen vom entspannten Zusammensein.<\/p>\n<p>Unser Ziel ist eine Kanzlei zu sein, wo unsere Angestellten sich zufrieden und beruflich und pers\u00f6nlich erf\u00fcllt f\u00fchlen. Wir m\u00f6chten unseren Angestellten auch eine erfolgreiche Erhaltung des Gleichgewichts zwischen Arbeit und Freizeit erm\u00f6glichen.<\/p>\n<h3><strong>Wo kann ich mich bewerben?<\/strong><\/h3>\n<p>Wir akzeptieren Bewerbungen das ganze Jahr \u00fcber. Bitte senden sie Ihre Bewerbung (Motivationsschreiben, CV, Ausbildungsnachweise) an\u00a0<span lang=\"EN-GB\"><a href=\"mailto:Mojca.Bracko@jadek-pensa.si\" target=\"_blank\" rel=\"noopener\"><span lang=\"DE\">Mojca Bra\u010dko<\/span><\/a><span lang=\"DE\">.<\/span><\/span><\/p>\n","protected":false},"excerpt":{"rendered":"<p>Wer sind Jadek &amp; Pensa? Wir sind eine der gr\u00f6\u00dferen Anwaltskanzleien in Slowenien. Die Probleme, die wir l\u00f6sen, und die Sachen, an denen wir arbeiten, sind oft anspruchsvoll und voller Herausforderungen. Wir sind international orientiert, deswegen erbringen wir ein wichtiger Teil unserer Arbeit in Fremdsprachen. Wir sind zur Qualifizierung und Qualit\u00e4t auf h\u00f6chstem Niveau verpflichtet,<\/p>\n","protected":false},"author":8,"featured_media":0,"parent":0,"menu_order":62,"comment_status":"closed","ping_status":"closed","template":"page-templates\/career.php","meta":{"_acf_changed":false,"footnotes":""},"class_list":["post-973","page","type-page","status-publish","hentry"],"acf":[],"yoast_head":"<!-- This site is optimized with the Yoast SEO plugin v27.4 - https:\/\/yoast.com\/product\/yoast-seo-wordpress\/ -->\n<title>Karriere - Jadek &amp; Pensa<\/title>\n<meta name=\"robots\" content=\"index, follow, max-snippet:-1, max-image-preview:large, max-video-preview:-1\" \/>\n<link rel=\"canonical\" href=\"http:\/\/www.jadek-pensa.si\/de\/karriere\/\" \/>\n<meta property=\"og:locale\" content=\"de_DE\" \/>\n<meta property=\"og:type\" content=\"article\" \/>\n<meta property=\"og:title\" content=\"Karriere - Jadek &amp; Pensa\" \/>\n<meta property=\"og:description\" content=\"Wer sind Jadek &amp; Pensa? Wir sind eine der gr\u00f6\u00dferen Anwaltskanzleien in Slowenien. Die Probleme, die wir l\u00f6sen, und die Sachen, an denen wir arbeiten, sind oft anspruchsvoll und voller Herausforderungen. Wir sind international orientiert, deswegen erbringen wir ein wichtiger Teil unserer Arbeit in Fremdsprachen. Wir sind zur Qualifizierung und Qualit\u00e4t auf h\u00f6chstem Niveau verpflichtet,\" \/>\n<meta property=\"og:url\" content=\"http:\/\/www.jadek-pensa.si\/de\/karriere\/\" \/>\n<meta property=\"og:site_name\" content=\"Jadek &amp; Pensa\" \/>\n<meta property=\"article:modified_time\" content=\"2024-01-24T08:43:05+00:00\" \/>\n<meta property=\"og:image\" content=\"http:\/\/www.jadek-pensa.si\/wp-content\/uploads\/2024\/12\/social-image-scaled.jpg\" \/>\n\t<meta property=\"og:image:width\" content=\"2560\" \/>\n\t<meta property=\"og:image:height\" content=\"1440\" \/>\n\t<meta property=\"og:image:type\" content=\"image\/jpeg\" \/>\n<meta name=\"twitter:card\" content=\"summary_large_image\" \/>\n<meta name=\"twitter:label1\" content=\"Gesch\u00e4tzte Lesezeit\" \/>\n\t<meta name=\"twitter:data1\" content=\"2\u00a0Minuten\" \/>\n<script type=\"application\/ld+json\" class=\"yoast-schema-graph\">{\"@context\":\"https:\\\/\\\/schema.org\",\"@graph\":[{\"@type\":\"WebPage\",\"@id\":\"http:\\\/\\\/www.jadek-pensa.si\\\/de\\\/karriere\\\/\",\"url\":\"http:\\\/\\\/www.jadek-pensa.si\\\/de\\\/karriere\\\/\",\"name\":\"Karriere - Jadek &amp; Pensa\",\"isPartOf\":{\"@id\":\"https:\\\/\\\/www.jadek-pensa.si\\\/de\\\/#website\"},\"datePublished\":\"2017-12-12T08:49:13+00:00\",\"dateModified\":\"2024-01-24T08:43:05+00:00\",\"breadcrumb\":{\"@id\":\"http:\\\/\\\/www.jadek-pensa.si\\\/de\\\/karriere\\\/#breadcrumb\"},\"inLanguage\":\"de\",\"potentialAction\":[{\"@type\":\"ReadAction\",\"target\":[\"http:\\\/\\\/www.jadek-pensa.si\\\/de\\\/karriere\\\/\"]}]},{\"@type\":\"BreadcrumbList\",\"@id\":\"http:\\\/\\\/www.jadek-pensa.si\\\/de\\\/karriere\\\/#breadcrumb\",\"itemListElement\":[{\"@type\":\"ListItem\",\"position\":1,\"name\":\"Home\",\"item\":\"https:\\\/\\\/www.jadek-pensa.si\\\/de\\\/\"},{\"@type\":\"ListItem\",\"position\":2,\"name\":\"Karriere\"}]},{\"@type\":\"WebSite\",\"@id\":\"https:\\\/\\\/www.jadek-pensa.si\\\/de\\\/#website\",\"url\":\"https:\\\/\\\/www.jadek-pensa.si\\\/de\\\/\",\"name\":\"Jadek &amp; Pensa\",\"description\":\"\",\"potentialAction\":[{\"@type\":\"SearchAction\",\"target\":{\"@type\":\"EntryPoint\",\"urlTemplate\":\"https:\\\/\\\/www.jadek-pensa.si\\\/de\\\/?s={search_term_string}\"},\"query-input\":{\"@type\":\"PropertyValueSpecification\",\"valueRequired\":true,\"valueName\":\"search_term_string\"}}],\"inLanguage\":\"de\"}]}<\/script>\n<!-- \/ Yoast SEO plugin. -->","yoast_head_json":{"title":"Karriere - Jadek &amp; Pensa","robots":{"index":"index","follow":"follow","max-snippet":"max-snippet:-1","max-image-preview":"max-image-preview:large","max-video-preview":"max-video-preview:-1"},"canonical":"http:\/\/www.jadek-pensa.si\/de\/karriere\/","og_locale":"de_DE","og_type":"article","og_title":"Karriere - Jadek &amp; Pensa","og_description":"Wer sind Jadek &amp; Pensa? Wir sind eine der gr\u00f6\u00dferen Anwaltskanzleien in Slowenien. Die Probleme, die wir l\u00f6sen, und die Sachen, an denen wir arbeiten, sind oft anspruchsvoll und voller Herausforderungen. Wir sind international orientiert, deswegen erbringen wir ein wichtiger Teil unserer Arbeit in Fremdsprachen. Wir sind zur Qualifizierung und Qualit\u00e4t auf h\u00f6chstem Niveau verpflichtet,","og_url":"http:\/\/www.jadek-pensa.si\/de\/karriere\/","og_site_name":"Jadek &amp; Pensa","article_modified_time":"2024-01-24T08:43:05+00:00","og_image":[{"width":2560,"height":1440,"url":"http:\/\/www.jadek-pensa.si\/wp-content\/uploads\/2024\/12\/social-image-scaled.jpg","type":"image\/jpeg"}],"twitter_card":"summary_large_image","twitter_misc":{"Gesch\u00e4tzte Lesezeit":"2\u00a0Minuten"},"schema":{"@context":"https:\/\/schema.org","@graph":[{"@type":"WebPage","@id":"http:\/\/www.jadek-pensa.si\/de\/karriere\/","url":"http:\/\/www.jadek-pensa.si\/de\/karriere\/","name":"Karriere - Jadek &amp; Pensa","isPartOf":{"@id":"https:\/\/www.jadek-pensa.si\/de\/#website"},"datePublished":"2017-12-12T08:49:13+00:00","dateModified":"2024-01-24T08:43:05+00:00","breadcrumb":{"@id":"http:\/\/www.jadek-pensa.si\/de\/karriere\/#breadcrumb"},"inLanguage":"de","potentialAction":[{"@type":"ReadAction","target":["http:\/\/www.jadek-pensa.si\/de\/karriere\/"]}]},{"@type":"BreadcrumbList","@id":"http:\/\/www.jadek-pensa.si\/de\/karriere\/#breadcrumb","itemListElement":[{"@type":"ListItem","position":1,"name":"Home","item":"https:\/\/www.jadek-pensa.si\/de\/"},{"@type":"ListItem","position":2,"name":"Karriere"}]},{"@type":"WebSite","@id":"https:\/\/www.jadek-pensa.si\/de\/#website","url":"https:\/\/www.jadek-pensa.si\/de\/","name":"Jadek &amp; Pensa","description":"","potentialAction":[{"@type":"SearchAction","target":{"@type":"EntryPoint","urlTemplate":"https:\/\/www.jadek-pensa.si\/de\/?s={search_term_string}"},"query-input":{"@type":"PropertyValueSpecification","valueRequired":true,"valueName":"search_term_string"}}],"inLanguage":"de"}]}},"_links":{"self":[{"href":"http:\/\/www.jadek-pensa.si\/de\/wp-json\/wp\/v2\/pages\/973","targetHints":{"allow":["GET"]}}],"collection":[{"href":"http:\/\/www.jadek-pensa.si\/de\/wp-json\/wp\/v2\/pages"}],"about":[{"href":"http:\/\/www.jadek-pensa.si\/de\/wp-json\/wp\/v2\/types\/page"}],"author":[{"embeddable":true,"href":"http:\/\/www.jadek-pensa.si\/de\/wp-json\/wp\/v2\/users\/8"}],"replies":[{"embeddable":true,"href":"http:\/\/www.jadek-pensa.si\/de\/wp-json\/wp\/v2\/comments?post=973"}],"version-history":[{"count":0,"href":"http:\/\/www.jadek-pensa.si\/de\/wp-json\/wp\/v2\/pages\/973\/revisions"}],"wp:attachment":[{"href":"http:\/\/www.jadek-pensa.si\/de\/wp-json\/wp\/v2\/media?parent=973"}],"curies":[{"name":"wp","href":"https:\/\/api.w.org\/{rel}","templated":true}]}}