{"id":1320,"date":"2017-12-12T08:46:08","date_gmt":"2017-12-12T08:46:08","guid":{"rendered":"http:\/\/jadek-pensa.si\/\/arbeitsfelder\/bancnistvo-in-finance\/"},"modified":"2023-04-14T09:45:17","modified_gmt":"2023-04-14T09:45:17","slug":"banken-und-finanzrecht","status":"publish","type":"page","link":"https:\/\/www.jadek-pensa.si\/de\/arbeitsfelder\/banken-und-finanzrecht\/","title":{"rendered":"Banken und Finanzrecht"},"content":{"rendered":"<p><span lang=\"DE\">Die Finanzm\u00e4rkte weltweit haben in den letzten Jahren dramatische Ver\u00e4nderungen erfahren. Jedoch ist die Einf\u00fchrung von \u00c4nderungen noch nicht zum Stillstand gekommen, da immer noch st\u00e4ndige regulative \u00c4nderungen, entwickelnde Risiken und technologische Herausforderungen auftauchen. Ungeachtet davon, ob sie sich f\u00fcr neue M\u00f6glichkeiten der Finanzierung, Refinanzierung oder f\u00fcr Umstrukturierung entscheiden, war die Suche nach optimaler Struktur und Bedingungen der Transaktion noch nie so wichtig. Unsere Rechtsanw\u00e4lte, die im Bereich des Bankrechts t\u00e4tig sind, vertreten Investitionsbanken und andere Finanzinstitute, die als Agenten, Organisatoren oder\u00a0Darlehensgeber t\u00e4tig sind, sowie auch Unternehmensschuldner und private Kapitalunternehmen und arbeiten mit den Mitgliedern des Teams f\u00fcr Fusionen und \u00dcbernahmen des Unternehmens und anderen Stellen zusammen, um eine reibungslose Abwicklung der Transaktionen zu gew\u00e4hrleisten. Wir bieten unseren Kunden Unterst\u00fctzung auch bei verschiedenen Finanz- und Regulierungsfragen und beraten sie auch in Zivilverfahren. Au\u00dferdem bieten wir auch Dienstleistungen des Eigen- und Fremdkapitalmarkts, die alle Arten von Kapitalmarkttransaktionen betreffen, einschlie\u00dflich B\u00f6rseng\u00e4nge, Euroanleihen und Privatplatzierungen. Unsere Kanzlei hat langj\u00e4hrige und nachweisliche Erfahrung mit Beratung im Bereich der strukturierten Finanzierung, vor allem derivativer Finanzinstrumente.<\/span><\/p>\n","protected":false},"excerpt":{"rendered":"<p>Die Finanzm\u00e4rkte weltweit haben in den letzten Jahren dramatische Ver\u00e4nderungen erfahren. Jedoch ist die Einf\u00fchrung von \u00c4nderungen noch nicht zum Stillstand gekommen, da immer noch st\u00e4ndige regulative \u00c4nderungen, entwickelnde Risiken und technologische Herausforderungen auftauchen. Ungeachtet davon, ob sie sich f\u00fcr neue M\u00f6glichkeiten der Finanzierung, Refinanzierung oder f\u00fcr Umstrukturierung entscheiden, war die Suche nach optimaler Struktur<\/p>\n","protected":false},"author":8,"featured_media":0,"parent":653,"menu_order":15,"comment_status":"closed","ping_status":"closed","template":"page-templates\/fields-of-work.php","meta":{"_acf_changed":false,"footnotes":""},"class_list":["post-1320","page","type-page","status-publish","hentry"],"acf":[],"yoast_head":"<!-- This site is optimized with the Yoast SEO plugin v27.2 - https:\/\/yoast.com\/product\/yoast-seo-wordpress\/ -->\n<title>Banken und Finanzrecht - Jadek &amp; Pensa<\/title>\n<meta name=\"robots\" content=\"index, follow, max-snippet:-1, max-image-preview:large, max-video-preview:-1\" \/>\n<link rel=\"canonical\" href=\"https:\/\/www.jadek-pensa.si\/de\/arbeitsfelder\/banken-und-finanzrecht\/\" \/>\n<meta property=\"og:locale\" content=\"de_DE\" \/>\n<meta property=\"og:type\" content=\"article\" \/>\n<meta property=\"og:title\" content=\"Banken und Finanzrecht - Jadek &amp; Pensa\" \/>\n<meta property=\"og:description\" content=\"Die Finanzm\u00e4rkte weltweit haben in den letzten Jahren dramatische Ver\u00e4nderungen erfahren. Jedoch ist die Einf\u00fchrung von \u00c4nderungen noch nicht zum Stillstand gekommen, da immer noch st\u00e4ndige regulative \u00c4nderungen, entwickelnde Risiken und technologische Herausforderungen auftauchen. Ungeachtet davon, ob sie sich f\u00fcr neue M\u00f6glichkeiten der Finanzierung, Refinanzierung oder f\u00fcr Umstrukturierung entscheiden, war die Suche nach optimaler Struktur\" \/>\n<meta property=\"og:url\" content=\"https:\/\/www.jadek-pensa.si\/de\/arbeitsfelder\/banken-und-finanzrecht\/\" \/>\n<meta property=\"og:site_name\" content=\"Jadek &amp; Pensa\" \/>\n<meta property=\"article:modified_time\" content=\"2023-04-14T09:45:17+00:00\" \/>\n<meta property=\"og:image\" content=\"https:\/\/www.jadek-pensa.si\/wp-content\/uploads\/2024\/12\/social-image-scaled.jpg\" \/>\n\t<meta property=\"og:image:width\" content=\"2560\" \/>\n\t<meta property=\"og:image:height\" content=\"1440\" \/>\n\t<meta property=\"og:image:type\" content=\"image\/jpeg\" \/>\n<meta name=\"twitter:card\" content=\"summary_large_image\" \/>\n<meta name=\"twitter:label1\" content=\"Est. reading time\" \/>\n\t<meta name=\"twitter:data1\" content=\"1 minute\" \/>\n<script type=\"application\/ld+json\" class=\"yoast-schema-graph\">{\"@context\":\"https:\/\/schema.org\",\"@graph\":[{\"@type\":\"WebPage\",\"@id\":\"https:\/\/www.jadek-pensa.si\/de\/arbeitsfelder\/banken-und-finanzrecht\/\",\"url\":\"https:\/\/www.jadek-pensa.si\/de\/arbeitsfelder\/banken-und-finanzrecht\/\",\"name\":\"Banken und Finanzrecht - Jadek &amp; Pensa\",\"isPartOf\":{\"@id\":\"https:\/\/www.jadek-pensa.si\/de\/#website\"},\"datePublished\":\"2017-12-12T08:46:08+00:00\",\"dateModified\":\"2023-04-14T09:45:17+00:00\",\"breadcrumb\":{\"@id\":\"https:\/\/www.jadek-pensa.si\/de\/arbeitsfelder\/banken-und-finanzrecht\/#breadcrumb\"},\"inLanguage\":\"de-DE\",\"potentialAction\":[{\"@type\":\"ReadAction\",\"target\":[\"https:\/\/www.jadek-pensa.si\/de\/arbeitsfelder\/banken-und-finanzrecht\/\"]}]},{\"@type\":\"BreadcrumbList\",\"@id\":\"https:\/\/www.jadek-pensa.si\/de\/arbeitsfelder\/banken-und-finanzrecht\/#breadcrumb\",\"itemListElement\":[{\"@type\":\"ListItem\",\"position\":1,\"name\":\"Home\",\"item\":\"https:\/\/www.jadek-pensa.si\/de\/\"},{\"@type\":\"ListItem\",\"position\":2,\"name\":\"Arbeitsfelder\",\"item\":\"https:\/\/www.jadek-pensa.si\/de\/arbeitsfelder\/\"},{\"@type\":\"ListItem\",\"position\":3,\"name\":\"Banken und Finanzrecht\"}]},{\"@type\":\"WebSite\",\"@id\":\"https:\/\/www.jadek-pensa.si\/de\/#website\",\"url\":\"https:\/\/www.jadek-pensa.si\/de\/\",\"name\":\"Jadek &amp; Pensa\",\"description\":\"\",\"potentialAction\":[{\"@type\":\"SearchAction\",\"target\":{\"@type\":\"EntryPoint\",\"urlTemplate\":\"https:\/\/www.jadek-pensa.si\/de\/?s={search_term_string}\"},\"query-input\":{\"@type\":\"PropertyValueSpecification\",\"valueRequired\":true,\"valueName\":\"search_term_string\"}}],\"inLanguage\":\"de-DE\"}]}<\/script>\n<!-- \/ Yoast SEO plugin. -->","yoast_head_json":{"title":"Banken und Finanzrecht - Jadek &amp; Pensa","robots":{"index":"index","follow":"follow","max-snippet":"max-snippet:-1","max-image-preview":"max-image-preview:large","max-video-preview":"max-video-preview:-1"},"canonical":"https:\/\/www.jadek-pensa.si\/de\/arbeitsfelder\/banken-und-finanzrecht\/","og_locale":"de_DE","og_type":"article","og_title":"Banken und Finanzrecht - Jadek &amp; Pensa","og_description":"Die Finanzm\u00e4rkte weltweit haben in den letzten Jahren dramatische Ver\u00e4nderungen erfahren. Jedoch ist die Einf\u00fchrung von \u00c4nderungen noch nicht zum Stillstand gekommen, da immer noch st\u00e4ndige regulative \u00c4nderungen, entwickelnde Risiken und technologische Herausforderungen auftauchen. Ungeachtet davon, ob sie sich f\u00fcr neue M\u00f6glichkeiten der Finanzierung, Refinanzierung oder f\u00fcr Umstrukturierung entscheiden, war die Suche nach optimaler Struktur","og_url":"https:\/\/www.jadek-pensa.si\/de\/arbeitsfelder\/banken-und-finanzrecht\/","og_site_name":"Jadek &amp; Pensa","article_modified_time":"2023-04-14T09:45:17+00:00","og_image":[{"width":2560,"height":1440,"url":"https:\/\/www.jadek-pensa.si\/wp-content\/uploads\/2024\/12\/social-image-scaled.jpg","type":"image\/jpeg"}],"twitter_card":"summary_large_image","twitter_misc":{"Est. reading time":"1 minute"},"schema":{"@context":"https:\/\/schema.org","@graph":[{"@type":"WebPage","@id":"https:\/\/www.jadek-pensa.si\/de\/arbeitsfelder\/banken-und-finanzrecht\/","url":"https:\/\/www.jadek-pensa.si\/de\/arbeitsfelder\/banken-und-finanzrecht\/","name":"Banken und Finanzrecht - Jadek &amp; Pensa","isPartOf":{"@id":"https:\/\/www.jadek-pensa.si\/de\/#website"},"datePublished":"2017-12-12T08:46:08+00:00","dateModified":"2023-04-14T09:45:17+00:00","breadcrumb":{"@id":"https:\/\/www.jadek-pensa.si\/de\/arbeitsfelder\/banken-und-finanzrecht\/#breadcrumb"},"inLanguage":"de-DE","potentialAction":[{"@type":"ReadAction","target":["https:\/\/www.jadek-pensa.si\/de\/arbeitsfelder\/banken-und-finanzrecht\/"]}]},{"@type":"BreadcrumbList","@id":"https:\/\/www.jadek-pensa.si\/de\/arbeitsfelder\/banken-und-finanzrecht\/#breadcrumb","itemListElement":[{"@type":"ListItem","position":1,"name":"Home","item":"https:\/\/www.jadek-pensa.si\/de\/"},{"@type":"ListItem","position":2,"name":"Arbeitsfelder","item":"https:\/\/www.jadek-pensa.si\/de\/arbeitsfelder\/"},{"@type":"ListItem","position":3,"name":"Banken und Finanzrecht"}]},{"@type":"WebSite","@id":"https:\/\/www.jadek-pensa.si\/de\/#website","url":"https:\/\/www.jadek-pensa.si\/de\/","name":"Jadek &amp; Pensa","description":"","potentialAction":[{"@type":"SearchAction","target":{"@type":"EntryPoint","urlTemplate":"https:\/\/www.jadek-pensa.si\/de\/?s={search_term_string}"},"query-input":{"@type":"PropertyValueSpecification","valueRequired":true,"valueName":"search_term_string"}}],"inLanguage":"de-DE"}]}},"_links":{"self":[{"href":"https:\/\/www.jadek-pensa.si\/de\/wp-json\/wp\/v2\/pages\/1320","targetHints":{"allow":["GET"]}}],"collection":[{"href":"https:\/\/www.jadek-pensa.si\/de\/wp-json\/wp\/v2\/pages"}],"about":[{"href":"https:\/\/www.jadek-pensa.si\/de\/wp-json\/wp\/v2\/types\/page"}],"author":[{"embeddable":true,"href":"https:\/\/www.jadek-pensa.si\/de\/wp-json\/wp\/v2\/users\/8"}],"replies":[{"embeddable":true,"href":"https:\/\/www.jadek-pensa.si\/de\/wp-json\/wp\/v2\/comments?post=1320"}],"version-history":[{"count":0,"href":"https:\/\/www.jadek-pensa.si\/de\/wp-json\/wp\/v2\/pages\/1320\/revisions"}],"up":[{"embeddable":true,"href":"https:\/\/www.jadek-pensa.si\/de\/wp-json\/wp\/v2\/pages\/653"}],"wp:attachment":[{"href":"https:\/\/www.jadek-pensa.si\/de\/wp-json\/wp\/v2\/media?parent=1320"}],"curies":[{"name":"wp","href":"https:\/\/api.w.org\/{rel}","templated":true}]}}