{"id":1324,"date":"2017-12-12T08:45:50","date_gmt":"2017-12-12T08:45:50","guid":{"rendered":"http:\/\/jadek-pensa.si\/\/arbeitsfelder\/intelektualna-lastnina\/"},"modified":"2020-01-08T07:44:37","modified_gmt":"2020-01-08T07:44:37","slug":"geistiges-eigentum","status":"publish","type":"page","link":"https:\/\/www.jadek-pensa.si\/de\/arbeitsfelder\/geistiges-eigentum\/","title":{"rendered":"Geistiges Eigentum"},"content":{"rendered":"<p>Der Schutz und wirkungsvolle Sicherheit der Rechte des geistigen Eigentums, vor allem Patente, Marken, Muster, Urheberrechte und verwandter Schutzrechte, sind unbedingt notwendig f\u00fcr erfolgreiche Gesch\u00e4ftst\u00e4tigkeit der Gesellschaften und ihre k\u00fcnftige Entwicklung, da diese Rechte ein ihrer wichtigsten Mittel sind. Auf der anderen Seite muss aber auch die unternehmerische Freiheit gesch\u00fctzt werden und es muss gew\u00e4hrleistet werden, dass der Inhaber eines Rechts nicht die durch das Recht festgelegten Grenzen \u00fcberschreitet.<\/p>\n<p>Auf dem Gebiet der Patente sind wir vor allem in Verfahren, die dem Patenterteilungsverfahren folgen, t\u00e4tig. Obwohl Streitigkeiten im Bereich der Patente in Slowenien nicht sehr oft vorkommen, hat unsere Kanzlei viel Erfahrung damit. Wir vertreten Kunden sowohl in Rechtsstreitigkeiten im Zusammenhang mit der G\u00fcltigkeit der Patente als auch im Zusammenhang mit Patentverletzungen. Bei Letzteren sind in der Praxis die Verfahren f\u00fcr die Gew\u00e4hrung vorl\u00e4ufigen Rechtsschutzes besonders wichtig, womit noch w\u00e4hrend der Laufzeit des Patents wirksamer Schutz des Rechts vor der rechtskr\u00e4ftigen Beilegung der Streitigkeit, wenn das Patent bereits ablaufen kann, erreicht werden kann. \u00c4hnliches gilt auch f\u00fcr Streitigkeiten wegen der Verletzung oder Fragen der G\u00fcltigkeit der Marken.<\/p>\n<p>Wir besitzen auch langj\u00e4hrige Erfahrungen mit Markenschutzverfahren. Wir handeln als Vertreter bei dem Amt der Republik Slowenien f\u00fcr geistiges Eigentum, wo slowenische Marken registriert werden, und beim Europ\u00e4ischen Amt f\u00fcr geistiges Eigentum, wo Marken, die auf dem Territorium der ganzen Europ\u00e4ischen Union g\u00fcltig sind, registriert werden. Vor der Registrierung beraten wir den Kunden angesichts seiner konkreten Umst\u00e4nde \u00fcber die meist optimalen Wege zum wirksamen Schutz seiner Rechte. Zur ganzheitlichen Leistung tragen auch gute Kontakte mit spezialisierten Rechtsanw\u00e4lten im Ausland bei, mit denen wir regelm\u00e4\u00dfig zusammenarbeiten, wenn bei dem Schutz oder Geltendmachung der Marke Hilfe im Ausland ben\u00f6tigt wird. Was die Marken betrifft, arbeiten wir auch im Bereich der Beschlagnahmen von Waren in Zollverfahren, wenn das Ware, das eine bestimmte Marke tr\u00e4gt, zur solchen Angabe nicht berechtigt ist (F\u00e4lschungen) und wir sind Mitglieder des CAPIP.EU Netzes, das auf dem EU-Gebiet alle Leistungen im Zusammenhang mit Beschlagnahmen von nachgeahmten Waren zu einheitlichen Preisen gew\u00e4hrleistet, wobei die Plattform den Kunden eine laufende \u00dcberwachung einzelner Verfahren erm\u00f6glicht.<\/p>\n<p>Au\u00dferdem hat die Kanzlei die darts-ip Base abonniert, die eine schnelle und effiziente Suche nach Entscheidungen zust\u00e4ndiger Beh\u00f6rden weltweit im Bereich der Marken, Muster, Patente und Dom\u00e4nen erm\u00f6glicht, was sowohl bei der Suche nach L\u00f6sungen f\u00fcr Kunden im Fall von Streitigkeiten oder potenziellen Streitigkeiten als auch bei der F\u00fchrung von Rechtsstreitigkeiten hilfreich ist.<\/p>\n<p>Unsere Erfahrungen im Bereich der Urheberrechte und verwandten Schutzrechte umfassen sowohl Kundenberatung im Bereich der Vertr\u00e4ge \u00fcber \u00dcbertragung von Rechten als auch Kundenvertretung in Streitf\u00e4llen im Zusammenhang mit diesen Rechten. Bei den Vertr\u00e4gen \u00fcber \u00dcbertragung von Rechten muss besonders auf die Vorschriften \u00fcber den Umfang der \u00dcbertragung geachtet werden, da das Urheberrecht kein einheitliches Recht ist, sondern aus mehreren Berechtigungen besteht, die getrennt \u00fcbertragen werden k\u00f6nnen und mit unterschiedlichen zeitlichen, \u00f6rtlichen und anderen Einschr\u00e4nkungen.<\/p>\n","protected":false},"excerpt":{"rendered":"<p>Der Schutz und wirkungsvolle Sicherheit der Rechte des geistigen Eigentums, vor allem Patente, Marken, Muster, Urheberrechte und verwandter Schutzrechte, sind unbedingt notwendig f\u00fcr erfolgreiche Gesch\u00e4ftst\u00e4tigkeit der Gesellschaften und ihre k\u00fcnftige Entwicklung, da diese Rechte ein ihrer wichtigsten Mittel sind. Auf der anderen Seite muss aber auch die unternehmerische Freiheit gesch\u00fctzt werden und es muss gew\u00e4hrleistet<\/p>\n","protected":false},"author":8,"featured_media":0,"parent":653,"menu_order":56,"comment_status":"closed","ping_status":"closed","template":"page-templates\/fields-of-work.php","meta":{"_acf_changed":false,"footnotes":""},"class_list":["post-1324","page","type-page","status-publish","hentry"],"acf":[],"yoast_head":"<!-- This site is optimized with the Yoast SEO plugin v27.4 - https:\/\/yoast.com\/product\/yoast-seo-wordpress\/ -->\n<title>Geistiges Eigentum - Jadek &amp; Pensa<\/title>\n<meta name=\"robots\" content=\"index, follow, max-snippet:-1, max-image-preview:large, max-video-preview:-1\" \/>\n<link rel=\"canonical\" href=\"https:\/\/www.jadek-pensa.si\/de\/arbeitsfelder\/geistiges-eigentum\/\" \/>\n<meta property=\"og:locale\" content=\"de_DE\" \/>\n<meta property=\"og:type\" content=\"article\" \/>\n<meta property=\"og:title\" content=\"Geistiges Eigentum - Jadek &amp; Pensa\" \/>\n<meta property=\"og:description\" content=\"Der Schutz und wirkungsvolle Sicherheit der Rechte des geistigen Eigentums, vor allem Patente, Marken, Muster, Urheberrechte und verwandter Schutzrechte, sind unbedingt notwendig f\u00fcr erfolgreiche Gesch\u00e4ftst\u00e4tigkeit der Gesellschaften und ihre k\u00fcnftige Entwicklung, da diese Rechte ein ihrer wichtigsten Mittel sind. Auf der anderen Seite muss aber auch die unternehmerische Freiheit gesch\u00fctzt werden und es muss gew\u00e4hrleistet\" \/>\n<meta property=\"og:url\" content=\"https:\/\/www.jadek-pensa.si\/de\/arbeitsfelder\/geistiges-eigentum\/\" \/>\n<meta property=\"og:site_name\" content=\"Jadek &amp; Pensa\" \/>\n<meta property=\"article:modified_time\" content=\"2020-01-08T07:44:37+00:00\" \/>\n<meta property=\"og:image\" content=\"https:\/\/www.jadek-pensa.si\/wp-content\/uploads\/2024\/12\/social-image-scaled.jpg\" \/>\n\t<meta property=\"og:image:width\" content=\"2560\" \/>\n\t<meta property=\"og:image:height\" content=\"1440\" \/>\n\t<meta property=\"og:image:type\" content=\"image\/jpeg\" \/>\n<meta name=\"twitter:card\" content=\"summary_large_image\" \/>\n<meta name=\"twitter:label1\" content=\"Gesch\u00e4tzte Lesezeit\" \/>\n\t<meta name=\"twitter:data1\" content=\"3\u00a0Minuten\" \/>\n<script type=\"application\/ld+json\" class=\"yoast-schema-graph\">{\"@context\":\"https:\\\/\\\/schema.org\",\"@graph\":[{\"@type\":\"WebPage\",\"@id\":\"https:\\\/\\\/www.jadek-pensa.si\\\/de\\\/arbeitsfelder\\\/geistiges-eigentum\\\/\",\"url\":\"https:\\\/\\\/www.jadek-pensa.si\\\/de\\\/arbeitsfelder\\\/geistiges-eigentum\\\/\",\"name\":\"Geistiges Eigentum - Jadek &amp; Pensa\",\"isPartOf\":{\"@id\":\"https:\\\/\\\/www.jadek-pensa.si\\\/de\\\/#website\"},\"datePublished\":\"2017-12-12T08:45:50+00:00\",\"dateModified\":\"2020-01-08T07:44:37+00:00\",\"breadcrumb\":{\"@id\":\"https:\\\/\\\/www.jadek-pensa.si\\\/de\\\/arbeitsfelder\\\/geistiges-eigentum\\\/#breadcrumb\"},\"inLanguage\":\"de\",\"potentialAction\":[{\"@type\":\"ReadAction\",\"target\":[\"https:\\\/\\\/www.jadek-pensa.si\\\/de\\\/arbeitsfelder\\\/geistiges-eigentum\\\/\"]}]},{\"@type\":\"BreadcrumbList\",\"@id\":\"https:\\\/\\\/www.jadek-pensa.si\\\/de\\\/arbeitsfelder\\\/geistiges-eigentum\\\/#breadcrumb\",\"itemListElement\":[{\"@type\":\"ListItem\",\"position\":1,\"name\":\"Home\",\"item\":\"https:\\\/\\\/www.jadek-pensa.si\\\/de\\\/\"},{\"@type\":\"ListItem\",\"position\":2,\"name\":\"Arbeitsfelder\",\"item\":\"https:\\\/\\\/www.jadek-pensa.si\\\/de\\\/arbeitsfelder\\\/\"},{\"@type\":\"ListItem\",\"position\":3,\"name\":\"Geistiges Eigentum\"}]},{\"@type\":\"WebSite\",\"@id\":\"https:\\\/\\\/www.jadek-pensa.si\\\/de\\\/#website\",\"url\":\"https:\\\/\\\/www.jadek-pensa.si\\\/de\\\/\",\"name\":\"Jadek &amp; Pensa\",\"description\":\"\",\"potentialAction\":[{\"@type\":\"SearchAction\",\"target\":{\"@type\":\"EntryPoint\",\"urlTemplate\":\"https:\\\/\\\/www.jadek-pensa.si\\\/de\\\/?s={search_term_string}\"},\"query-input\":{\"@type\":\"PropertyValueSpecification\",\"valueRequired\":true,\"valueName\":\"search_term_string\"}}],\"inLanguage\":\"de\"}]}<\/script>\n<!-- \/ Yoast SEO plugin. -->","yoast_head_json":{"title":"Geistiges Eigentum - Jadek &amp; Pensa","robots":{"index":"index","follow":"follow","max-snippet":"max-snippet:-1","max-image-preview":"max-image-preview:large","max-video-preview":"max-video-preview:-1"},"canonical":"https:\/\/www.jadek-pensa.si\/de\/arbeitsfelder\/geistiges-eigentum\/","og_locale":"de_DE","og_type":"article","og_title":"Geistiges Eigentum - Jadek &amp; Pensa","og_description":"Der Schutz und wirkungsvolle Sicherheit der Rechte des geistigen Eigentums, vor allem Patente, Marken, Muster, Urheberrechte und verwandter Schutzrechte, sind unbedingt notwendig f\u00fcr erfolgreiche Gesch\u00e4ftst\u00e4tigkeit der Gesellschaften und ihre k\u00fcnftige Entwicklung, da diese Rechte ein ihrer wichtigsten Mittel sind. Auf der anderen Seite muss aber auch die unternehmerische Freiheit gesch\u00fctzt werden und es muss gew\u00e4hrleistet","og_url":"https:\/\/www.jadek-pensa.si\/de\/arbeitsfelder\/geistiges-eigentum\/","og_site_name":"Jadek &amp; Pensa","article_modified_time":"2020-01-08T07:44:37+00:00","og_image":[{"width":2560,"height":1440,"url":"https:\/\/www.jadek-pensa.si\/wp-content\/uploads\/2024\/12\/social-image-scaled.jpg","type":"image\/jpeg"}],"twitter_card":"summary_large_image","twitter_misc":{"Gesch\u00e4tzte Lesezeit":"3\u00a0Minuten"},"schema":{"@context":"https:\/\/schema.org","@graph":[{"@type":"WebPage","@id":"https:\/\/www.jadek-pensa.si\/de\/arbeitsfelder\/geistiges-eigentum\/","url":"https:\/\/www.jadek-pensa.si\/de\/arbeitsfelder\/geistiges-eigentum\/","name":"Geistiges Eigentum - Jadek &amp; Pensa","isPartOf":{"@id":"https:\/\/www.jadek-pensa.si\/de\/#website"},"datePublished":"2017-12-12T08:45:50+00:00","dateModified":"2020-01-08T07:44:37+00:00","breadcrumb":{"@id":"https:\/\/www.jadek-pensa.si\/de\/arbeitsfelder\/geistiges-eigentum\/#breadcrumb"},"inLanguage":"de","potentialAction":[{"@type":"ReadAction","target":["https:\/\/www.jadek-pensa.si\/de\/arbeitsfelder\/geistiges-eigentum\/"]}]},{"@type":"BreadcrumbList","@id":"https:\/\/www.jadek-pensa.si\/de\/arbeitsfelder\/geistiges-eigentum\/#breadcrumb","itemListElement":[{"@type":"ListItem","position":1,"name":"Home","item":"https:\/\/www.jadek-pensa.si\/de\/"},{"@type":"ListItem","position":2,"name":"Arbeitsfelder","item":"https:\/\/www.jadek-pensa.si\/de\/arbeitsfelder\/"},{"@type":"ListItem","position":3,"name":"Geistiges Eigentum"}]},{"@type":"WebSite","@id":"https:\/\/www.jadek-pensa.si\/de\/#website","url":"https:\/\/www.jadek-pensa.si\/de\/","name":"Jadek &amp; Pensa","description":"","potentialAction":[{"@type":"SearchAction","target":{"@type":"EntryPoint","urlTemplate":"https:\/\/www.jadek-pensa.si\/de\/?s={search_term_string}"},"query-input":{"@type":"PropertyValueSpecification","valueRequired":true,"valueName":"search_term_string"}}],"inLanguage":"de"}]}},"_links":{"self":[{"href":"https:\/\/www.jadek-pensa.si\/de\/wp-json\/wp\/v2\/pages\/1324","targetHints":{"allow":["GET"]}}],"collection":[{"href":"https:\/\/www.jadek-pensa.si\/de\/wp-json\/wp\/v2\/pages"}],"about":[{"href":"https:\/\/www.jadek-pensa.si\/de\/wp-json\/wp\/v2\/types\/page"}],"author":[{"embeddable":true,"href":"https:\/\/www.jadek-pensa.si\/de\/wp-json\/wp\/v2\/users\/8"}],"replies":[{"embeddable":true,"href":"https:\/\/www.jadek-pensa.si\/de\/wp-json\/wp\/v2\/comments?post=1324"}],"version-history":[{"count":0,"href":"https:\/\/www.jadek-pensa.si\/de\/wp-json\/wp\/v2\/pages\/1324\/revisions"}],"up":[{"embeddable":true,"href":"https:\/\/www.jadek-pensa.si\/de\/wp-json\/wp\/v2\/pages\/653"}],"wp:attachment":[{"href":"https:\/\/www.jadek-pensa.si\/de\/wp-json\/wp\/v2\/media?parent=1324"}],"curies":[{"name":"wp","href":"https:\/\/api.w.org\/{rel}","templated":true}]}}