{"id":1460,"date":"2018-02-19T11:50:46","date_gmt":"2018-02-19T11:50:46","guid":{"rendered":"http:\/\/jadek-pensa.si\/\/arbeitsfelder\/informacijska-tehnologija-mediji-in-elektronske-komunikacije\/"},"modified":"2019-02-12T08:43:53","modified_gmt":"2019-02-12T08:43:53","slug":"informationstechnologie-medien-und-elektronische-kommunikationen","status":"publish","type":"page","link":"https:\/\/www.jadek-pensa.si\/de\/arbeitsfelder\/informationstechnologie-medien-und-elektronische-kommunikationen\/","title":{"rendered":"Informationstechnologie, Medien und elektronische Kommunikationen"},"content":{"rendered":"<p>Informationstechnologie und elektronische Kommunikationen dringen unaufhaltsam in alle Bereichen der T\u00e4tigkeiten, die unsere Kunden aus\u00fcben, vor. Da wir uns der Dynamik der Entwicklung in diesen Bereichen bewusst sind und mit allen wichtigsten Ereignissen auf dem Laufenden sein m\u00f6chten, schenken wir diesen Bereichen besondere Aufmerksamkeit und verfolgen sie systematisch. Wir sind uns bewusst, dass nur aufgrund guter Kenntnis und Verst\u00e4ndnis verschiedener Aspekte des digitalen Umfeldes, in dem unsere Kunden t\u00e4tig sind, wir Rechtshilfe bei der Suche innovativer L\u00f6sungen auch f\u00fcr anspruchsvollste Rechtsherausforderungen bieten k\u00f6nnen.<\/p>\n<p>Wir bieten den Kunden ganzheitliche Rechtsunterst\u00fctzung im Zusammenhang mit verschiedensten Regulierungsfragen und vertreten sie gegebenenfalls in Verfahren vor zust\u00e4ndigen Beh\u00f6rden im Zusammenhang mit den Ma\u00dfnahmen der Regulierungsbeh\u00f6rden. Wir haben erhebliche Erfahrungen mit Beratung sowohl inl\u00e4ndischer Kunden als auch f\u00fchrender globalen Kommunikations- und Technologieunternehmen \u00fcber Fragen im Zusammenhang mit Markteintritt, Erbringung elektronischer Kommunikationsdienste und Dienste der Informationsgesellschaft, Erwerb und Nutzung der Funkfrequenzen, Vertragsbeziehungen zwischen den Betreibern bez\u00fcglich der (gemeinsamen) Nutzung von Netzen und Dienstleistungen, Nutzung der Kommunikationstechnologien in Fahrzeugen und anderen Ger\u00e4ten, Lizenzierung audiovisueller Medieninhalte usw.<\/p>\n","protected":false},"excerpt":{"rendered":"<p>Informationstechnologie und elektronische Kommunikationen dringen unaufhaltsam in alle Bereichen der T\u00e4tigkeiten, die unsere Kunden aus\u00fcben, vor. Da wir uns der Dynamik der Entwicklung in diesen Bereichen bewusst sind und mit allen wichtigsten Ereignissen auf dem Laufenden sein m\u00f6chten, schenken wir diesen Bereichen besondere Aufmerksamkeit und verfolgen sie systematisch. Wir sind uns bewusst, dass nur aufgrund<\/p>\n","protected":false},"author":8,"featured_media":13611,"parent":653,"menu_order":48,"comment_status":"closed","ping_status":"closed","template":"page-templates\/fields-of-work.php","meta":{"_acf_changed":false,"footnotes":""},"class_list":["post-1460","page","type-page","status-publish","has-post-thumbnail","hentry"],"acf":[],"yoast_head":"<!-- This site is optimized with the Yoast SEO plugin v27.4 - https:\/\/yoast.com\/product\/yoast-seo-wordpress\/ -->\n<title>Informationstechnologie, Medien und elektronische Kommunikationen - Jadek &amp; Pensa<\/title>\n<meta name=\"robots\" content=\"index, follow, max-snippet:-1, max-image-preview:large, max-video-preview:-1\" \/>\n<link rel=\"canonical\" href=\"https:\/\/www.jadek-pensa.si\/de\/arbeitsfelder\/informationstechnologie-medien-und-elektronische-kommunikationen\/\" \/>\n<meta property=\"og:locale\" content=\"de_DE\" \/>\n<meta property=\"og:type\" content=\"article\" \/>\n<meta property=\"og:title\" content=\"Informationstechnologie, Medien und elektronische Kommunikationen - Jadek &amp; Pensa\" \/>\n<meta property=\"og:description\" content=\"Informationstechnologie und elektronische Kommunikationen dringen unaufhaltsam in alle Bereichen der T\u00e4tigkeiten, die unsere Kunden aus\u00fcben, vor. Da wir uns der Dynamik der Entwicklung in diesen Bereichen bewusst sind und mit allen wichtigsten Ereignissen auf dem Laufenden sein m\u00f6chten, schenken wir diesen Bereichen besondere Aufmerksamkeit und verfolgen sie systematisch. Wir sind uns bewusst, dass nur aufgrund\" \/>\n<meta property=\"og:url\" content=\"https:\/\/www.jadek-pensa.si\/de\/arbeitsfelder\/informationstechnologie-medien-und-elektronische-kommunikationen\/\" \/>\n<meta property=\"og:site_name\" content=\"Jadek &amp; Pensa\" \/>\n<meta property=\"article:modified_time\" content=\"2019-02-12T08:43:53+00:00\" \/>\n<meta property=\"og:image\" content=\"https:\/\/www.jadek-pensa.si\/wp-content\/uploads\/2024\/11\/IT-mediji-in-elektronske-komunikacije.png\" \/>\n\t<meta property=\"og:image:width\" content=\"1500\" \/>\n\t<meta property=\"og:image:height\" content=\"1500\" \/>\n\t<meta property=\"og:image:type\" content=\"image\/png\" \/>\n<meta name=\"twitter:card\" content=\"summary_large_image\" \/>\n<meta name=\"twitter:label1\" content=\"Gesch\u00e4tzte Lesezeit\" \/>\n\t<meta name=\"twitter:data1\" content=\"1\u00a0Minute\" \/>\n<script type=\"application\/ld+json\" class=\"yoast-schema-graph\">{\"@context\":\"https:\\\/\\\/schema.org\",\"@graph\":[{\"@type\":\"WebPage\",\"@id\":\"https:\\\/\\\/www.jadek-pensa.si\\\/de\\\/arbeitsfelder\\\/informationstechnologie-medien-und-elektronische-kommunikationen\\\/\",\"url\":\"https:\\\/\\\/www.jadek-pensa.si\\\/de\\\/arbeitsfelder\\\/informationstechnologie-medien-und-elektronische-kommunikationen\\\/\",\"name\":\"Informationstechnologie, Medien und elektronische Kommunikationen - Jadek &amp; Pensa\",\"isPartOf\":{\"@id\":\"https:\\\/\\\/www.jadek-pensa.si\\\/de\\\/#website\"},\"primaryImageOfPage\":{\"@id\":\"https:\\\/\\\/www.jadek-pensa.si\\\/de\\\/arbeitsfelder\\\/informationstechnologie-medien-und-elektronische-kommunikationen\\\/#primaryimage\"},\"image\":{\"@id\":\"https:\\\/\\\/www.jadek-pensa.si\\\/de\\\/arbeitsfelder\\\/informationstechnologie-medien-und-elektronische-kommunikationen\\\/#primaryimage\"},\"thumbnailUrl\":\"https:\\\/\\\/www.jadek-pensa.si\\\/wp-content\\\/uploads\\\/2024\\\/11\\\/IT-mediji-in-elektronske-komunikacije.png\",\"datePublished\":\"2018-02-19T11:50:46+00:00\",\"dateModified\":\"2019-02-12T08:43:53+00:00\",\"breadcrumb\":{\"@id\":\"https:\\\/\\\/www.jadek-pensa.si\\\/de\\\/arbeitsfelder\\\/informationstechnologie-medien-und-elektronische-kommunikationen\\\/#breadcrumb\"},\"inLanguage\":\"de\",\"potentialAction\":[{\"@type\":\"ReadAction\",\"target\":[\"https:\\\/\\\/www.jadek-pensa.si\\\/de\\\/arbeitsfelder\\\/informationstechnologie-medien-und-elektronische-kommunikationen\\\/\"]}]},{\"@type\":\"ImageObject\",\"inLanguage\":\"de\",\"@id\":\"https:\\\/\\\/www.jadek-pensa.si\\\/de\\\/arbeitsfelder\\\/informationstechnologie-medien-und-elektronische-kommunikationen\\\/#primaryimage\",\"url\":\"https:\\\/\\\/www.jadek-pensa.si\\\/wp-content\\\/uploads\\\/2024\\\/11\\\/IT-mediji-in-elektronske-komunikacije.png\",\"contentUrl\":\"https:\\\/\\\/www.jadek-pensa.si\\\/wp-content\\\/uploads\\\/2024\\\/11\\\/IT-mediji-in-elektronske-komunikacije.png\",\"width\":1500,\"height\":1500},{\"@type\":\"BreadcrumbList\",\"@id\":\"https:\\\/\\\/www.jadek-pensa.si\\\/de\\\/arbeitsfelder\\\/informationstechnologie-medien-und-elektronische-kommunikationen\\\/#breadcrumb\",\"itemListElement\":[{\"@type\":\"ListItem\",\"position\":1,\"name\":\"Home\",\"item\":\"https:\\\/\\\/www.jadek-pensa.si\\\/de\\\/\"},{\"@type\":\"ListItem\",\"position\":2,\"name\":\"Arbeitsfelder\",\"item\":\"https:\\\/\\\/www.jadek-pensa.si\\\/de\\\/arbeitsfelder\\\/\"},{\"@type\":\"ListItem\",\"position\":3,\"name\":\"Informationstechnologie, Medien und elektronische Kommunikationen\"}]},{\"@type\":\"WebSite\",\"@id\":\"https:\\\/\\\/www.jadek-pensa.si\\\/de\\\/#website\",\"url\":\"https:\\\/\\\/www.jadek-pensa.si\\\/de\\\/\",\"name\":\"Jadek &amp; Pensa\",\"description\":\"\",\"potentialAction\":[{\"@type\":\"SearchAction\",\"target\":{\"@type\":\"EntryPoint\",\"urlTemplate\":\"https:\\\/\\\/www.jadek-pensa.si\\\/de\\\/?s={search_term_string}\"},\"query-input\":{\"@type\":\"PropertyValueSpecification\",\"valueRequired\":true,\"valueName\":\"search_term_string\"}}],\"inLanguage\":\"de\"}]}<\/script>\n<!-- \/ Yoast SEO plugin. -->","yoast_head_json":{"title":"Informationstechnologie, Medien und elektronische Kommunikationen - Jadek &amp; Pensa","robots":{"index":"index","follow":"follow","max-snippet":"max-snippet:-1","max-image-preview":"max-image-preview:large","max-video-preview":"max-video-preview:-1"},"canonical":"https:\/\/www.jadek-pensa.si\/de\/arbeitsfelder\/informationstechnologie-medien-und-elektronische-kommunikationen\/","og_locale":"de_DE","og_type":"article","og_title":"Informationstechnologie, Medien und elektronische Kommunikationen - Jadek &amp; Pensa","og_description":"Informationstechnologie und elektronische Kommunikationen dringen unaufhaltsam in alle Bereichen der T\u00e4tigkeiten, die unsere Kunden aus\u00fcben, vor. Da wir uns der Dynamik der Entwicklung in diesen Bereichen bewusst sind und mit allen wichtigsten Ereignissen auf dem Laufenden sein m\u00f6chten, schenken wir diesen Bereichen besondere Aufmerksamkeit und verfolgen sie systematisch. Wir sind uns bewusst, dass nur aufgrund","og_url":"https:\/\/www.jadek-pensa.si\/de\/arbeitsfelder\/informationstechnologie-medien-und-elektronische-kommunikationen\/","og_site_name":"Jadek &amp; Pensa","article_modified_time":"2019-02-12T08:43:53+00:00","og_image":[{"width":1500,"height":1500,"url":"https:\/\/www.jadek-pensa.si\/wp-content\/uploads\/2024\/11\/IT-mediji-in-elektronske-komunikacije.png","type":"image\/png"}],"twitter_card":"summary_large_image","twitter_misc":{"Gesch\u00e4tzte Lesezeit":"1\u00a0Minute"},"schema":{"@context":"https:\/\/schema.org","@graph":[{"@type":"WebPage","@id":"https:\/\/www.jadek-pensa.si\/de\/arbeitsfelder\/informationstechnologie-medien-und-elektronische-kommunikationen\/","url":"https:\/\/www.jadek-pensa.si\/de\/arbeitsfelder\/informationstechnologie-medien-und-elektronische-kommunikationen\/","name":"Informationstechnologie, Medien und elektronische Kommunikationen - Jadek &amp; Pensa","isPartOf":{"@id":"https:\/\/www.jadek-pensa.si\/de\/#website"},"primaryImageOfPage":{"@id":"https:\/\/www.jadek-pensa.si\/de\/arbeitsfelder\/informationstechnologie-medien-und-elektronische-kommunikationen\/#primaryimage"},"image":{"@id":"https:\/\/www.jadek-pensa.si\/de\/arbeitsfelder\/informationstechnologie-medien-und-elektronische-kommunikationen\/#primaryimage"},"thumbnailUrl":"https:\/\/www.jadek-pensa.si\/wp-content\/uploads\/2024\/11\/IT-mediji-in-elektronske-komunikacije.png","datePublished":"2018-02-19T11:50:46+00:00","dateModified":"2019-02-12T08:43:53+00:00","breadcrumb":{"@id":"https:\/\/www.jadek-pensa.si\/de\/arbeitsfelder\/informationstechnologie-medien-und-elektronische-kommunikationen\/#breadcrumb"},"inLanguage":"de","potentialAction":[{"@type":"ReadAction","target":["https:\/\/www.jadek-pensa.si\/de\/arbeitsfelder\/informationstechnologie-medien-und-elektronische-kommunikationen\/"]}]},{"@type":"ImageObject","inLanguage":"de","@id":"https:\/\/www.jadek-pensa.si\/de\/arbeitsfelder\/informationstechnologie-medien-und-elektronische-kommunikationen\/#primaryimage","url":"https:\/\/www.jadek-pensa.si\/wp-content\/uploads\/2024\/11\/IT-mediji-in-elektronske-komunikacije.png","contentUrl":"https:\/\/www.jadek-pensa.si\/wp-content\/uploads\/2024\/11\/IT-mediji-in-elektronske-komunikacije.png","width":1500,"height":1500},{"@type":"BreadcrumbList","@id":"https:\/\/www.jadek-pensa.si\/de\/arbeitsfelder\/informationstechnologie-medien-und-elektronische-kommunikationen\/#breadcrumb","itemListElement":[{"@type":"ListItem","position":1,"name":"Home","item":"https:\/\/www.jadek-pensa.si\/de\/"},{"@type":"ListItem","position":2,"name":"Arbeitsfelder","item":"https:\/\/www.jadek-pensa.si\/de\/arbeitsfelder\/"},{"@type":"ListItem","position":3,"name":"Informationstechnologie, Medien und elektronische Kommunikationen"}]},{"@type":"WebSite","@id":"https:\/\/www.jadek-pensa.si\/de\/#website","url":"https:\/\/www.jadek-pensa.si\/de\/","name":"Jadek &amp; Pensa","description":"","potentialAction":[{"@type":"SearchAction","target":{"@type":"EntryPoint","urlTemplate":"https:\/\/www.jadek-pensa.si\/de\/?s={search_term_string}"},"query-input":{"@type":"PropertyValueSpecification","valueRequired":true,"valueName":"search_term_string"}}],"inLanguage":"de"}]}},"_links":{"self":[{"href":"https:\/\/www.jadek-pensa.si\/de\/wp-json\/wp\/v2\/pages\/1460","targetHints":{"allow":["GET"]}}],"collection":[{"href":"https:\/\/www.jadek-pensa.si\/de\/wp-json\/wp\/v2\/pages"}],"about":[{"href":"https:\/\/www.jadek-pensa.si\/de\/wp-json\/wp\/v2\/types\/page"}],"author":[{"embeddable":true,"href":"https:\/\/www.jadek-pensa.si\/de\/wp-json\/wp\/v2\/users\/8"}],"replies":[{"embeddable":true,"href":"https:\/\/www.jadek-pensa.si\/de\/wp-json\/wp\/v2\/comments?post=1460"}],"version-history":[{"count":0,"href":"https:\/\/www.jadek-pensa.si\/de\/wp-json\/wp\/v2\/pages\/1460\/revisions"}],"up":[{"embeddable":true,"href":"https:\/\/www.jadek-pensa.si\/de\/wp-json\/wp\/v2\/pages\/653"}],"wp:featuredmedia":[{"embeddable":true,"href":"https:\/\/www.jadek-pensa.si\/de\/wp-json\/wp\/v2\/media\/13611"}],"wp:attachment":[{"href":"https:\/\/www.jadek-pensa.si\/de\/wp-json\/wp\/v2\/media?parent=1460"}],"curies":[{"name":"wp","href":"https:\/\/api.w.org\/{rel}","templated":true}]}}