{"id":2665,"date":"2018-05-31T11:30:42","date_gmt":"2018-05-31T11:30:42","guid":{"rendered":"http:\/\/jadek-pensa.si\/?page_id=2665"},"modified":"2018-05-31T14:07:48","modified_gmt":"2018-05-31T14:07:48","slug":"neue-technologien","status":"publish","type":"page","link":"https:\/\/www.jadek-pensa.si\/de\/uber-uns\/neue-technologien\/","title":{"rendered":"Neue Technologien"},"content":{"rendered":"<p>In der Anwaltskanzlei Jadek &amp; Pensa glauben wir fest an die Digitalisierung und moderne Technologien. Wir haben zahlreiche digitale L\u00f6sungen in unseren Arbeitsprozess eingeleitet und haben uns auch aufgrund eigener Erfahrungen von den positiven Auswirkungen der Digitalisierung \u00fcberzeugt. Diese Erkenntnis erzeugt Optimismus in Bezug auf die Digitalisierung der Arbeitsprozesse und Implementierung der modernen Technologien in der Wirtschaft in breiterem Ma\u00dfe.<\/p>\n<p>Experten aus verschiedenen Rechtsbereichen helfen unseren Kunden schon seit mehreren Jahren bei der Anwendung von digitalen Werkzeugen und modernen Technologien, wodurch wir unsch\u00e4tzbare Erfahrungen gesammelt haben. Unsere Kanzlei vereinigt die besten Rechtsexperten aus verschiedenen Bereichen, denen es ihre detaillierte Kenntnis der Technologien erm\u00f6glichen wird, ganzheitliche rechtliche L\u00f6sungen unseren Kunden anzubieten.<\/p>\n<p>Wir verfolgen aufmerksam die Entwicklung neuer Technologien und analysieren professionell und umfassend die rechtlichen Fragen, die von wesentlicher Bedeutung f\u00fcr die weitere Entwicklung und Implementierung neuer Technologien sind. Die Schwerpunktbereiche, die wir intensiv verfolgen, umfassen Blockchain-Technologie, Finanztechnologie (fintech), k\u00fcnstliche Intelligenz (AI), autonome Fahrzeuge, Internet der Dinge (IoT), Drohnen, 3D-Druck, Big Data, intelligente St\u00e4dte, Robotik&#8230;<\/p>\n<p>Neue Technologien kommen in verschiedensten Bereichen unserer Arbeit zum Ausdruck. Unter anderem sorgen wir f\u00fcr den koh\u00e4renten Gesch\u00e4ftsbetrieb unserer Kunden, die neue Technologien bei ihrem Gesch\u00e4ftsbetrieb anwenden, helfen den Kunden ihren Gesch\u00e4ftsbetrieb zu strukturieren, bieten ihnen rechtliche Unterst\u00fctzung bei der Durchf\u00fchrung von Transaktionen, helfen ihnen bei der Vorbereitung der Steueranalyse ihres Gesch\u00e4ftsbetriebs und bieten Unterst\u00fctzung bei der Vertretung vor staatlichen Beh\u00f6rden oder sch\u00fctzen ihre Interessen in Rechtsverfahren. Wir \u00fcbermitteln auch aktiv unsere Erkenntnisse und Erfahrungen auf die staatliche Ebene, wo wir bei der Herstellung eines positiv eingestellten regulatorischen Umfeldes gegen\u00fcber die neuen Technologien mitwirken.<\/p>\n<p>In unserer Anwaltskanzlei streben wir danach, mit unseren rechtlichen L\u00f6sungen unseren Kunden dabei zu helfen, die rechtlichen Hindernisse auf dem Weg zur vollen Digitalisierung und Implementierung neuer Technologien in ihren Gesch\u00e4ftsbetrieb zu \u00fcberwinden. Wir sind der Meinung, dass nur durch Zusammenarbeit, Vernetzung und Teamarbeit der Juristen mit verschiedenen rechtlichen und technologischen Kenntnissen gute Fortschritte bei der \u00dcberlegung, Kenntnisse und Suche nach geeigneten rechtlichen L\u00f6sungen erzielt werden k\u00f6nnen. Unser Ziel ist moderne rechtliche L\u00f6sungen zu entwickeln.<\/p>\n<p><strong>J&amp;P NewTech Team<\/strong><\/p>\n<p>Da in der letzten Zeit der Bedarf nach ganzheitlicher rechtlicher Beratung bei der Implementierung von neuen Technologien noch angestiegen ist, haben wir die Entscheidung getroffen, unsere bisherigen Anstrengungen auf ein h\u00f6heres Niveau zu bringen, und zwar durch den Aufbau des Teams \u201eJ&amp;P NewTech\u201c.<\/p>\n<p>Das J&amp;P NewTech Team setzt sich aus den folgenden Rechtsexperten zusammen: Sre\u010do Jadek, mag. Mitja Podpe\u010dan, Alja\u017e Jadek, Domen Romih, Gregor Golob, Alja\u017e Cankar und \u017diga Urankar, denen sich auch andere Rechtsexperten aus unserer Kanzlei mit erforderlichem Fachwissen anschlie\u00dfen.<\/p>\n<p><a href=\"http:\/\/jadek-pensa.si\/de\/anwaltskanzlei-jadek-pensa-gruendet-jp-newtech-team\/\">Mehr zum Aufbau des J&amp;P NewTech Teams<\/a><\/p>\n","protected":false},"excerpt":{"rendered":"<p>In der Anwaltskanzlei Jadek &amp; Pensa glauben wir fest an die Digitalisierung und moderne Technologien. Wir haben zahlreiche digitale L\u00f6sungen in unseren Arbeitsprozess eingeleitet und haben uns auch aufgrund eigener Erfahrungen von den positiven Auswirkungen der Digitalisierung \u00fcberzeugt. Diese Erkenntnis erzeugt Optimismus in Bezug auf die Digitalisierung der Arbeitsprozesse und Implementierung der modernen Technologien in<\/p>\n","protected":false},"author":8,"featured_media":0,"parent":895,"menu_order":82,"comment_status":"closed","ping_status":"closed","template":"page-templates\/about.php","meta":{"_acf_changed":false,"footnotes":""},"class_list":["post-2665","page","type-page","status-publish","hentry"],"acf":[],"yoast_head":"<!-- This site is optimized with the Yoast SEO plugin v27.2 - https:\/\/yoast.com\/product\/yoast-seo-wordpress\/ -->\n<title>Neue Technologien - Jadek &amp; Pensa<\/title>\n<meta name=\"robots\" content=\"index, follow, max-snippet:-1, max-image-preview:large, max-video-preview:-1\" \/>\n<link rel=\"canonical\" href=\"https:\/\/www.jadek-pensa.si\/de\/uber-uns\/neue-technologien\/\" \/>\n<meta property=\"og:locale\" content=\"de_DE\" \/>\n<meta property=\"og:type\" content=\"article\" \/>\n<meta property=\"og:title\" content=\"Neue Technologien - Jadek &amp; Pensa\" \/>\n<meta property=\"og:description\" content=\"In der Anwaltskanzlei Jadek &amp; Pensa glauben wir fest an die Digitalisierung und moderne Technologien. Wir haben zahlreiche digitale L\u00f6sungen in unseren Arbeitsprozess eingeleitet und haben uns auch aufgrund eigener Erfahrungen von den positiven Auswirkungen der Digitalisierung \u00fcberzeugt. Diese Erkenntnis erzeugt Optimismus in Bezug auf die Digitalisierung der Arbeitsprozesse und Implementierung der modernen Technologien in\" \/>\n<meta property=\"og:url\" content=\"https:\/\/www.jadek-pensa.si\/de\/uber-uns\/neue-technologien\/\" \/>\n<meta property=\"og:site_name\" content=\"Jadek &amp; Pensa\" \/>\n<meta property=\"article:modified_time\" content=\"2018-05-31T14:07:48+00:00\" \/>\n<meta property=\"og:image\" content=\"https:\/\/www.jadek-pensa.si\/wp-content\/uploads\/2024\/12\/social-image-scaled.jpg\" \/>\n\t<meta property=\"og:image:width\" content=\"2560\" \/>\n\t<meta property=\"og:image:height\" content=\"1440\" \/>\n\t<meta property=\"og:image:type\" content=\"image\/jpeg\" \/>\n<meta name=\"twitter:card\" content=\"summary_large_image\" \/>\n<meta name=\"twitter:label1\" content=\"Est. reading time\" \/>\n\t<meta name=\"twitter:data1\" content=\"2 minutes\" \/>\n<script type=\"application\/ld+json\" class=\"yoast-schema-graph\">{\"@context\":\"https:\/\/schema.org\",\"@graph\":[{\"@type\":\"WebPage\",\"@id\":\"https:\/\/www.jadek-pensa.si\/de\/uber-uns\/neue-technologien\/\",\"url\":\"https:\/\/www.jadek-pensa.si\/de\/uber-uns\/neue-technologien\/\",\"name\":\"Neue Technologien - Jadek &amp; Pensa\",\"isPartOf\":{\"@id\":\"https:\/\/www.jadek-pensa.si\/de\/#website\"},\"datePublished\":\"2018-05-31T11:30:42+00:00\",\"dateModified\":\"2018-05-31T14:07:48+00:00\",\"breadcrumb\":{\"@id\":\"https:\/\/www.jadek-pensa.si\/de\/uber-uns\/neue-technologien\/#breadcrumb\"},\"inLanguage\":\"de-DE\",\"potentialAction\":[{\"@type\":\"ReadAction\",\"target\":[\"https:\/\/www.jadek-pensa.si\/de\/uber-uns\/neue-technologien\/\"]}]},{\"@type\":\"BreadcrumbList\",\"@id\":\"https:\/\/www.jadek-pensa.si\/de\/uber-uns\/neue-technologien\/#breadcrumb\",\"itemListElement\":[{\"@type\":\"ListItem\",\"position\":1,\"name\":\"Home\",\"item\":\"https:\/\/www.jadek-pensa.si\/de\/\"},{\"@type\":\"ListItem\",\"position\":2,\"name\":\"\u00dcber uns\",\"item\":\"https:\/\/jadek-pensa.si\/de\/uber-uns\/\"},{\"@type\":\"ListItem\",\"position\":3,\"name\":\"Neue Technologien\"}]},{\"@type\":\"WebSite\",\"@id\":\"https:\/\/www.jadek-pensa.si\/de\/#website\",\"url\":\"https:\/\/www.jadek-pensa.si\/de\/\",\"name\":\"Jadek &amp; Pensa\",\"description\":\"\",\"potentialAction\":[{\"@type\":\"SearchAction\",\"target\":{\"@type\":\"EntryPoint\",\"urlTemplate\":\"https:\/\/www.jadek-pensa.si\/de\/?s={search_term_string}\"},\"query-input\":{\"@type\":\"PropertyValueSpecification\",\"valueRequired\":true,\"valueName\":\"search_term_string\"}}],\"inLanguage\":\"de-DE\"}]}<\/script>\n<!-- \/ Yoast SEO plugin. -->","yoast_head_json":{"title":"Neue Technologien - Jadek &amp; Pensa","robots":{"index":"index","follow":"follow","max-snippet":"max-snippet:-1","max-image-preview":"max-image-preview:large","max-video-preview":"max-video-preview:-1"},"canonical":"https:\/\/www.jadek-pensa.si\/de\/uber-uns\/neue-technologien\/","og_locale":"de_DE","og_type":"article","og_title":"Neue Technologien - Jadek &amp; Pensa","og_description":"In der Anwaltskanzlei Jadek &amp; Pensa glauben wir fest an die Digitalisierung und moderne Technologien. Wir haben zahlreiche digitale L\u00f6sungen in unseren Arbeitsprozess eingeleitet und haben uns auch aufgrund eigener Erfahrungen von den positiven Auswirkungen der Digitalisierung \u00fcberzeugt. Diese Erkenntnis erzeugt Optimismus in Bezug auf die Digitalisierung der Arbeitsprozesse und Implementierung der modernen Technologien in","og_url":"https:\/\/www.jadek-pensa.si\/de\/uber-uns\/neue-technologien\/","og_site_name":"Jadek &amp; Pensa","article_modified_time":"2018-05-31T14:07:48+00:00","og_image":[{"width":2560,"height":1440,"url":"https:\/\/www.jadek-pensa.si\/wp-content\/uploads\/2024\/12\/social-image-scaled.jpg","type":"image\/jpeg"}],"twitter_card":"summary_large_image","twitter_misc":{"Est. reading time":"2 minutes"},"schema":{"@context":"https:\/\/schema.org","@graph":[{"@type":"WebPage","@id":"https:\/\/www.jadek-pensa.si\/de\/uber-uns\/neue-technologien\/","url":"https:\/\/www.jadek-pensa.si\/de\/uber-uns\/neue-technologien\/","name":"Neue Technologien - Jadek &amp; Pensa","isPartOf":{"@id":"https:\/\/www.jadek-pensa.si\/de\/#website"},"datePublished":"2018-05-31T11:30:42+00:00","dateModified":"2018-05-31T14:07:48+00:00","breadcrumb":{"@id":"https:\/\/www.jadek-pensa.si\/de\/uber-uns\/neue-technologien\/#breadcrumb"},"inLanguage":"de-DE","potentialAction":[{"@type":"ReadAction","target":["https:\/\/www.jadek-pensa.si\/de\/uber-uns\/neue-technologien\/"]}]},{"@type":"BreadcrumbList","@id":"https:\/\/www.jadek-pensa.si\/de\/uber-uns\/neue-technologien\/#breadcrumb","itemListElement":[{"@type":"ListItem","position":1,"name":"Home","item":"https:\/\/www.jadek-pensa.si\/de\/"},{"@type":"ListItem","position":2,"name":"\u00dcber uns","item":"https:\/\/jadek-pensa.si\/de\/uber-uns\/"},{"@type":"ListItem","position":3,"name":"Neue Technologien"}]},{"@type":"WebSite","@id":"https:\/\/www.jadek-pensa.si\/de\/#website","url":"https:\/\/www.jadek-pensa.si\/de\/","name":"Jadek &amp; Pensa","description":"","potentialAction":[{"@type":"SearchAction","target":{"@type":"EntryPoint","urlTemplate":"https:\/\/www.jadek-pensa.si\/de\/?s={search_term_string}"},"query-input":{"@type":"PropertyValueSpecification","valueRequired":true,"valueName":"search_term_string"}}],"inLanguage":"de-DE"}]}},"_links":{"self":[{"href":"https:\/\/www.jadek-pensa.si\/de\/wp-json\/wp\/v2\/pages\/2665","targetHints":{"allow":["GET"]}}],"collection":[{"href":"https:\/\/www.jadek-pensa.si\/de\/wp-json\/wp\/v2\/pages"}],"about":[{"href":"https:\/\/www.jadek-pensa.si\/de\/wp-json\/wp\/v2\/types\/page"}],"author":[{"embeddable":true,"href":"https:\/\/www.jadek-pensa.si\/de\/wp-json\/wp\/v2\/users\/8"}],"replies":[{"embeddable":true,"href":"https:\/\/www.jadek-pensa.si\/de\/wp-json\/wp\/v2\/comments?post=2665"}],"version-history":[{"count":0,"href":"https:\/\/www.jadek-pensa.si\/de\/wp-json\/wp\/v2\/pages\/2665\/revisions"}],"up":[{"embeddable":true,"href":"https:\/\/www.jadek-pensa.si\/de\/wp-json\/wp\/v2\/pages\/895"}],"wp:attachment":[{"href":"https:\/\/www.jadek-pensa.si\/de\/wp-json\/wp\/v2\/media?parent=2665"}],"curies":[{"name":"wp","href":"https:\/\/api.w.org\/{rel}","templated":true}]}}