{"id":963,"date":"2017-12-12T08:49:50","date_gmt":"2017-12-12T08:49:50","guid":{"rendered":"http:\/\/jadek-pensa.si\/\/o-nas\/vrednote\/"},"modified":"2018-06-11T14:43:18","modified_gmt":"2018-06-11T14:43:18","slug":"werte","status":"publish","type":"page","link":"https:\/\/www.jadek-pensa.si\/de\/uber-uns\/werte\/","title":{"rendered":"Werte"},"content":{"rendered":"<h3><strong>Ethik<\/strong><\/h3>\n<p>Thomas von Aquin\u00a0 betrachtete den Grundsatz \u201ebonum faciendum, malum vitandum\u201c als\u00a0 eine Grundlage des Naturrechts. Vielleicht mutet in der Zeit der Informationstechnologie, die einerseits durch schnellen technologischen Fortschritt und andererseits durch Regulierung aller Lebensbereichte genau strukturiert wird,\u00a0 die Berufung auf mittelalterliches Wissen und Naturrecht etwas ungew\u00f6hnlich und antiquiert an. Aber gerade die Komplexit\u00e4t der modernen Welt, in den wir h\u00e4ufig mit Neuem und Unerprobtem konfrontiert werden, verlangt bei der Suche nach L\u00f6sungen und Erf\u00fcllung unserer Bestimmung immer wieder R\u00fcckbesinnung auf grundlegende moralische Grunds\u00e4tze. Die sind unser Leitsatz und unser Ziel.<\/p>\n<h3>Mission<\/h3>\n<p>Unsere Mission ist den Kunden die L\u00f6sungen zu ihren Rechtsherausforderungen zu gew\u00e4hrleisten. Dabei handeln wir schnell reagierend, umg\u00e4nglich, hoch professionell, zielgerichtet und kosteneffizient, wobei wir die Erwartungen \u00fcbertreffen. Wir stellen die engagierte und mutige Suche nach ehrenamtlichen Wegen zu den Zielen der Kunden und die fachkundige Bew\u00e4ltigung der Rechtsherausforderungen in den Vordergrund.<\/p>\n<h3>Vision<\/h3>\n<p>Unsere Vision ist die am besten mit Wissen und Technologie ausgestattete Anwaltskanzlei zur Bew\u00e4ltigung der Rechtsherausforderungen der modernen Zeit zu bleiben.<\/p>\n<h3>Werte<\/h3>\n<p><strong>Exzellenz der Rechtsdienstleistungen<\/strong><br \/>\nWir sind uns bewusst, dass unsere Kunden in dynamische Prozesse der Schaffung von einer wettbewerbsf\u00e4higen und wissensbasierten Entwicklungsgesellschaft eingebunden sind. Deswegen streben wir nach hoch professionellen, praktischen und innovativen L\u00f6sungen. Einen Mehrwert schaffen wir durch pers\u00f6nliche Einstellung, schnelle Reaktion, Zuverl\u00e4ssigkeit und Kenntnis der speziellen Merkmale verschiedener Wirtschaftsbranchen.<\/p>\n<p><strong>Effiziente Rechtshilfe<\/strong><br \/>\nWir nehmen uns Zeit, die Herausforderungen und Interessen jedes Kunden gut zu verstehen, um effiziente, fokussierte und nutzbare Rechtshilfe zu gew\u00e4hrleisten. Wir verf\u00fcgen \u00fcber erforderliche erstklassige juristische Kenntnisse, Erfahrungen und effiziente interne Organisation der Kanzlei.<\/p>\n<p><strong>Vertrauen und Zusammenarbeit<\/strong><br \/>\nIm Mittelpunkt unserer Arbeitsweise steht die Schaffung gegenseitigen Vertrauens und der Zusammenarbeit mit jedem Kunden. Solche individuelle Einstellung erm\u00f6glicht ein eingehendes Verst\u00e4ndnis des Gesch\u00e4ftsbetriebs des Kunden und der M\u00e4rkte, auf denen er t\u00e4tig ist. Das ist eine Voraussetzung f\u00fcr die erfolgreiche Erreichung der Ziele unseres Kunden.<\/p>\n<p><strong>Reiche Tradition und Zukunftsorientierung<\/strong><br \/>\nUnsere Anwaltskanzlei, die auf reicher Tradition beruht, wird st\u00e4ndig weiterentwickelt, wobei wir neue Kenntnisse und junge Begeisterung mit Erfahrung und Weisheit kombinieren. Zu den Hauptbestandteilen unserer Gesch\u00e4ftsstrategie z\u00e4hlen die Schritthaltung mit den neusten technologischen Trends und Herausforderungen der Digitalisierung und die Erreichung der h\u00f6chsten internationalen Qualit\u00e4tsstandards.<\/p>\n<p><strong>Ethik und Vertraulichkeit<\/strong><br \/>\nWir gew\u00e4hrleisten Rechtshilfe, die sich durch ein hohes Ma\u00df an Ethik auszeichnet. Die Wahrung der Vertraulichkeit der Verh\u00e4ltnisse mit unseren Kunden ist eine unserer wichtigsten Werte.<\/p>\n<p><strong>Teamarbeit und Kollegialit\u00e4t<\/strong><br \/>\nTeamwork, freie Vermittlung des Wissens und der Erfahrungen zwischen unseren Experten und Schaffung einer Arbeitsumwelt, im dem praktische Ideen und kreative L\u00f6sungen hervorgebracht werden, nehmen einen wichtigen Platz bei uns ein. Dabei gew\u00e4hrleisten wir unseren Kunden eine h\u00f6here Qualit\u00e4t der Dienstleistungen und bessere M\u00f6glichkeiten f\u00fcr die Erreichung der gesetzten Ziele.<\/p>\n<p><strong>Engagement und Beharrlichkeit<\/strong><br \/>\nDurch das Engagement f\u00fcr unsere Mission und das richtige Ma\u00df an Beharrlichkeit schaffen wir einen zus\u00e4tzlichen Wert, der bedeutend zur Erreichung der Ziele unserer Kunden beitr\u00e4gt.<\/p>\n<p><strong>Internationales Wissen und Zusammenarbeit<\/strong><br \/>\nDurch die aufgebaute ausgezeichnete Zusammenarbeit mit zahlreichen Anwaltskanzleien in allen EU-Mitgliedstaaten, in den Vereinigten Staaten und in vielen anderen L\u00e4ndern, vor allem in S\u00fcdosteuropa, helfen wir unseren Kunden bei ihren nationalen und internationalen Projekten und bieten ihnen die Rechtshilfe in zahlreichen Bereichen von ihrem Interesse auf einem Platz.<\/p>\n","protected":false},"excerpt":{"rendered":"<p>Ethik Thomas von Aquin\u00a0 betrachtete den Grundsatz \u201ebonum faciendum, malum vitandum\u201c als\u00a0 eine Grundlage des Naturrechts. Vielleicht mutet in der Zeit der Informationstechnologie, die einerseits durch schnellen technologischen Fortschritt und andererseits durch Regulierung aller Lebensbereichte genau strukturiert wird,\u00a0 die Berufung auf mittelalterliches Wissen und Naturrecht etwas ungew\u00f6hnlich und antiquiert an. Aber gerade die Komplexit\u00e4t der<\/p>\n","protected":false},"author":8,"featured_media":0,"parent":895,"menu_order":119,"comment_status":"closed","ping_status":"closed","template":"page-templates\/about.php","meta":{"_acf_changed":false,"footnotes":""},"class_list":["post-963","page","type-page","status-publish","hentry"],"acf":[],"yoast_head":"<!-- This site is optimized with the Yoast SEO plugin v27.2 - https:\/\/yoast.com\/product\/yoast-seo-wordpress\/ -->\n<title>Werte - Jadek &amp; Pensa<\/title>\n<meta name=\"robots\" content=\"index, follow, max-snippet:-1, max-image-preview:large, max-video-preview:-1\" \/>\n<link rel=\"canonical\" href=\"https:\/\/www.jadek-pensa.si\/de\/uber-uns\/werte\/\" \/>\n<meta property=\"og:locale\" content=\"de_DE\" \/>\n<meta property=\"og:type\" content=\"article\" \/>\n<meta property=\"og:title\" content=\"Werte - Jadek &amp; Pensa\" \/>\n<meta property=\"og:description\" content=\"Ethik Thomas von Aquin\u00a0 betrachtete den Grundsatz \u201ebonum faciendum, malum vitandum\u201c als\u00a0 eine Grundlage des Naturrechts. Vielleicht mutet in der Zeit der Informationstechnologie, die einerseits durch schnellen technologischen Fortschritt und andererseits durch Regulierung aller Lebensbereichte genau strukturiert wird,\u00a0 die Berufung auf mittelalterliches Wissen und Naturrecht etwas ungew\u00f6hnlich und antiquiert an. Aber gerade die Komplexit\u00e4t der\" \/>\n<meta property=\"og:url\" content=\"https:\/\/www.jadek-pensa.si\/de\/uber-uns\/werte\/\" \/>\n<meta property=\"og:site_name\" content=\"Jadek &amp; Pensa\" \/>\n<meta property=\"article:modified_time\" content=\"2018-06-11T14:43:18+00:00\" \/>\n<meta property=\"og:image\" content=\"https:\/\/www.jadek-pensa.si\/wp-content\/uploads\/2024\/12\/social-image-scaled.jpg\" \/>\n\t<meta property=\"og:image:width\" content=\"2560\" \/>\n\t<meta property=\"og:image:height\" content=\"1440\" \/>\n\t<meta property=\"og:image:type\" content=\"image\/jpeg\" \/>\n<meta name=\"twitter:card\" content=\"summary_large_image\" \/>\n<meta name=\"twitter:label1\" content=\"Est. reading time\" \/>\n\t<meta name=\"twitter:data1\" content=\"3 minutes\" \/>\n<script type=\"application\/ld+json\" class=\"yoast-schema-graph\">{\"@context\":\"https:\/\/schema.org\",\"@graph\":[{\"@type\":\"WebPage\",\"@id\":\"https:\/\/www.jadek-pensa.si\/de\/uber-uns\/werte\/\",\"url\":\"https:\/\/www.jadek-pensa.si\/de\/uber-uns\/werte\/\",\"name\":\"Werte - Jadek &amp; Pensa\",\"isPartOf\":{\"@id\":\"https:\/\/www.jadek-pensa.si\/de\/#website\"},\"datePublished\":\"2017-12-12T08:49:50+00:00\",\"dateModified\":\"2018-06-11T14:43:18+00:00\",\"breadcrumb\":{\"@id\":\"https:\/\/www.jadek-pensa.si\/de\/uber-uns\/werte\/#breadcrumb\"},\"inLanguage\":\"de-DE\",\"potentialAction\":[{\"@type\":\"ReadAction\",\"target\":[\"https:\/\/www.jadek-pensa.si\/de\/uber-uns\/werte\/\"]}]},{\"@type\":\"BreadcrumbList\",\"@id\":\"https:\/\/www.jadek-pensa.si\/de\/uber-uns\/werte\/#breadcrumb\",\"itemListElement\":[{\"@type\":\"ListItem\",\"position\":1,\"name\":\"Home\",\"item\":\"https:\/\/www.jadek-pensa.si\/de\/\"},{\"@type\":\"ListItem\",\"position\":2,\"name\":\"\u00dcber uns\",\"item\":\"https:\/\/jadek-pensa.si\/de\/uber-uns\/\"},{\"@type\":\"ListItem\",\"position\":3,\"name\":\"Werte\"}]},{\"@type\":\"WebSite\",\"@id\":\"https:\/\/www.jadek-pensa.si\/de\/#website\",\"url\":\"https:\/\/www.jadek-pensa.si\/de\/\",\"name\":\"Jadek &amp; Pensa\",\"description\":\"\",\"potentialAction\":[{\"@type\":\"SearchAction\",\"target\":{\"@type\":\"EntryPoint\",\"urlTemplate\":\"https:\/\/www.jadek-pensa.si\/de\/?s={search_term_string}\"},\"query-input\":{\"@type\":\"PropertyValueSpecification\",\"valueRequired\":true,\"valueName\":\"search_term_string\"}}],\"inLanguage\":\"de-DE\"}]}<\/script>\n<!-- \/ Yoast SEO plugin. -->","yoast_head_json":{"title":"Werte - Jadek &amp; Pensa","robots":{"index":"index","follow":"follow","max-snippet":"max-snippet:-1","max-image-preview":"max-image-preview:large","max-video-preview":"max-video-preview:-1"},"canonical":"https:\/\/www.jadek-pensa.si\/de\/uber-uns\/werte\/","og_locale":"de_DE","og_type":"article","og_title":"Werte - Jadek &amp; Pensa","og_description":"Ethik Thomas von Aquin\u00a0 betrachtete den Grundsatz \u201ebonum faciendum, malum vitandum\u201c als\u00a0 eine Grundlage des Naturrechts. Vielleicht mutet in der Zeit der Informationstechnologie, die einerseits durch schnellen technologischen Fortschritt und andererseits durch Regulierung aller Lebensbereichte genau strukturiert wird,\u00a0 die Berufung auf mittelalterliches Wissen und Naturrecht etwas ungew\u00f6hnlich und antiquiert an. Aber gerade die Komplexit\u00e4t der","og_url":"https:\/\/www.jadek-pensa.si\/de\/uber-uns\/werte\/","og_site_name":"Jadek &amp; Pensa","article_modified_time":"2018-06-11T14:43:18+00:00","og_image":[{"width":2560,"height":1440,"url":"https:\/\/www.jadek-pensa.si\/wp-content\/uploads\/2024\/12\/social-image-scaled.jpg","type":"image\/jpeg"}],"twitter_card":"summary_large_image","twitter_misc":{"Est. reading time":"3 minutes"},"schema":{"@context":"https:\/\/schema.org","@graph":[{"@type":"WebPage","@id":"https:\/\/www.jadek-pensa.si\/de\/uber-uns\/werte\/","url":"https:\/\/www.jadek-pensa.si\/de\/uber-uns\/werte\/","name":"Werte - Jadek &amp; Pensa","isPartOf":{"@id":"https:\/\/www.jadek-pensa.si\/de\/#website"},"datePublished":"2017-12-12T08:49:50+00:00","dateModified":"2018-06-11T14:43:18+00:00","breadcrumb":{"@id":"https:\/\/www.jadek-pensa.si\/de\/uber-uns\/werte\/#breadcrumb"},"inLanguage":"de-DE","potentialAction":[{"@type":"ReadAction","target":["https:\/\/www.jadek-pensa.si\/de\/uber-uns\/werte\/"]}]},{"@type":"BreadcrumbList","@id":"https:\/\/www.jadek-pensa.si\/de\/uber-uns\/werte\/#breadcrumb","itemListElement":[{"@type":"ListItem","position":1,"name":"Home","item":"https:\/\/www.jadek-pensa.si\/de\/"},{"@type":"ListItem","position":2,"name":"\u00dcber uns","item":"https:\/\/jadek-pensa.si\/de\/uber-uns\/"},{"@type":"ListItem","position":3,"name":"Werte"}]},{"@type":"WebSite","@id":"https:\/\/www.jadek-pensa.si\/de\/#website","url":"https:\/\/www.jadek-pensa.si\/de\/","name":"Jadek &amp; Pensa","description":"","potentialAction":[{"@type":"SearchAction","target":{"@type":"EntryPoint","urlTemplate":"https:\/\/www.jadek-pensa.si\/de\/?s={search_term_string}"},"query-input":{"@type":"PropertyValueSpecification","valueRequired":true,"valueName":"search_term_string"}}],"inLanguage":"de-DE"}]}},"_links":{"self":[{"href":"https:\/\/www.jadek-pensa.si\/de\/wp-json\/wp\/v2\/pages\/963","targetHints":{"allow":["GET"]}}],"collection":[{"href":"https:\/\/www.jadek-pensa.si\/de\/wp-json\/wp\/v2\/pages"}],"about":[{"href":"https:\/\/www.jadek-pensa.si\/de\/wp-json\/wp\/v2\/types\/page"}],"author":[{"embeddable":true,"href":"https:\/\/www.jadek-pensa.si\/de\/wp-json\/wp\/v2\/users\/8"}],"replies":[{"embeddable":true,"href":"https:\/\/www.jadek-pensa.si\/de\/wp-json\/wp\/v2\/comments?post=963"}],"version-history":[{"count":0,"href":"https:\/\/www.jadek-pensa.si\/de\/wp-json\/wp\/v2\/pages\/963\/revisions"}],"up":[{"embeddable":true,"href":"https:\/\/www.jadek-pensa.si\/de\/wp-json\/wp\/v2\/pages\/895"}],"wp:attachment":[{"href":"https:\/\/www.jadek-pensa.si\/de\/wp-json\/wp\/v2\/media?parent=963"}],"curies":[{"name":"wp","href":"https:\/\/api.w.org\/{rel}","templated":true}]}}