{"id":2662,"date":"2018-05-31T11:30:42","date_gmt":"2018-05-31T11:30:42","guid":{"rendered":"http:\/\/jadek-pensa.si\/?page_id=2662"},"modified":"2018-06-08T11:41:48","modified_gmt":"2018-06-08T11:41:48","slug":"new-technologies","status":"publish","type":"page","link":"https:\/\/www.jadek-pensa.si\/en\/about-us\/new-technologies\/","title":{"rendered":"New Technologies"},"content":{"rendered":"<p>At Jadek &amp; Pensa, we strongly believe in digitalisation and modern technologies. We have introduced several digital solutions into our work process and have ascertained the positive effects of digitalisation based on our own experience. This recognition makes us optimistic about the digitalisation of work processes and implementation of modern technologies more widely in the economy.<\/p>\n<p>For several years, experts from different legal fields have been assisting our clients in the application of digital tools and modern technologies, whereby we have gained valuable experience. Our office combines the best legal experts from different fields, who with a detailed knowledge of technologies will be able to offer comprehensive legal solutions to our clients.<\/p>\n<p>In our office, we follow closely the development of new technologies and analyse professionally and comprehensively the legal questions that are paramount to the future development and implementation of new technologies. The key areas that we follow intensively include blockchain technology, financial technology (fintech), artificial intelligence (AI), autonomous vehicles, internet of things (IoT), drones, 3D printing, big data, smart cities, robotics&#8230;<\/p>\n<p>New technologies are reflected in various fields of our work. Among others, we take care of legally compliant operation of our clients who use new technologies in the course of their operation, assist clients in structuring their operation, offer them legal support in carrying out transactions, assist them in preparing tax analysis of operation and offer them assistance in representation before state authorities or protect their interests in court proceedings. We have also been actively transferring our knowledge to the national level, where we encourage and assist in the establishment of a positive regulatory environment for new technologies.<\/p>\n<p>With our legal solutions, we are striving to help our clients overcome the legal barriers towards the full digitalisation and implementation of new technologies into their operation. We believe that only through cooperation, integration and teamwork of lawyers with different legal and technological skills we can achieve good progress in thinking, knowledge and search for adequate legal solutions. Our aim is to devise modern legal solutions.<\/p>\n<p><strong>J&amp;P NewTech Team<\/strong><\/p>\n<p>Since the need for comprehensive legal advice in the implementation of new technologies has increased recently, we have decided to elevate our efforts made to a higher level by establishing a special team called \u201cJ&amp;P NewTech\u201d.<\/p>\n<p>J&amp;P NewTech team consists of the following legal experts: Sre\u010do Jadek, mag. Mitja Podpe\u010dan, Alja\u017e Jadek, Domen Romih, Gregor Golob, Alja\u017e Cankar and \u017diga Urankar, accompanied by other legal experts from our office with necessary specialist skills.<\/p>\n<p><a href=\"http:\/\/jadek-pensa.si\/en\/jadek-pensa-law-office-to-establish-jp-newtech-team\/\">More on the establishment of J&amp;P NewTech team<\/a><\/p>\n","protected":false},"excerpt":{"rendered":"<p>At Jadek &amp; Pensa, we strongly believe in digitalisation and modern technologies. We have introduced several digital solutions into our work process and have ascertained the positive effects of digitalisation based on our own experience. This recognition makes us optimistic about the digitalisation of work processes and implementation of modern technologies more widely in the<\/p>\n","protected":false},"author":8,"featured_media":0,"parent":516,"menu_order":84,"comment_status":"closed","ping_status":"closed","template":"page-templates\/about.php","meta":{"_acf_changed":false,"footnotes":""},"class_list":["post-2662","page","type-page","status-publish","hentry"],"acf":[],"yoast_head":"<!-- This site is optimized with the Yoast SEO plugin v27.2 - https:\/\/yoast.com\/product\/yoast-seo-wordpress\/ -->\n<title>New Technologies - Jadek &amp; Pensa<\/title>\n<meta name=\"robots\" content=\"index, follow, max-snippet:-1, max-image-preview:large, max-video-preview:-1\" \/>\n<link rel=\"canonical\" href=\"https:\/\/www.jadek-pensa.si\/en\/about-us\/new-technologies\/\" \/>\n<meta property=\"og:locale\" content=\"en_US\" \/>\n<meta property=\"og:type\" content=\"article\" \/>\n<meta property=\"og:title\" content=\"New Technologies - Jadek &amp; Pensa\" \/>\n<meta property=\"og:description\" content=\"At Jadek &amp; Pensa, we strongly believe in digitalisation and modern technologies. We have introduced several digital solutions into our work process and have ascertained the positive effects of digitalisation based on our own experience. This recognition makes us optimistic about the digitalisation of work processes and implementation of modern technologies more widely in the\" \/>\n<meta property=\"og:url\" content=\"https:\/\/www.jadek-pensa.si\/en\/about-us\/new-technologies\/\" \/>\n<meta property=\"og:site_name\" content=\"Jadek &amp; Pensa\" \/>\n<meta property=\"article:modified_time\" content=\"2018-06-08T11:41:48+00:00\" \/>\n<meta property=\"og:image\" content=\"https:\/\/www.jadek-pensa.si\/wp-content\/uploads\/2024\/12\/social-image-scaled.jpg\" \/>\n\t<meta property=\"og:image:width\" content=\"2560\" \/>\n\t<meta property=\"og:image:height\" content=\"1440\" \/>\n\t<meta property=\"og:image:type\" content=\"image\/jpeg\" \/>\n<meta name=\"twitter:card\" content=\"summary_large_image\" \/>\n<meta name=\"twitter:label1\" content=\"Est. reading time\" \/>\n\t<meta name=\"twitter:data1\" content=\"2 minutes\" \/>\n<script type=\"application\/ld+json\" class=\"yoast-schema-graph\">{\"@context\":\"https:\/\/schema.org\",\"@graph\":[{\"@type\":\"WebPage\",\"@id\":\"https:\/\/www.jadek-pensa.si\/en\/about-us\/new-technologies\/\",\"url\":\"https:\/\/www.jadek-pensa.si\/en\/about-us\/new-technologies\/\",\"name\":\"New Technologies - Jadek &amp; Pensa\",\"isPartOf\":{\"@id\":\"https:\/\/www.jadek-pensa.si\/en\/#website\"},\"datePublished\":\"2018-05-31T11:30:42+00:00\",\"dateModified\":\"2018-06-08T11:41:48+00:00\",\"breadcrumb\":{\"@id\":\"https:\/\/www.jadek-pensa.si\/en\/about-us\/new-technologies\/#breadcrumb\"},\"inLanguage\":\"en-US\",\"potentialAction\":[{\"@type\":\"ReadAction\",\"target\":[\"https:\/\/www.jadek-pensa.si\/en\/about-us\/new-technologies\/\"]}]},{\"@type\":\"BreadcrumbList\",\"@id\":\"https:\/\/www.jadek-pensa.si\/en\/about-us\/new-technologies\/#breadcrumb\",\"itemListElement\":[{\"@type\":\"ListItem\",\"position\":1,\"name\":\"Home\",\"item\":\"https:\/\/www.jadek-pensa.si\/en\/\"},{\"@type\":\"ListItem\",\"position\":2,\"name\":\"About us\",\"item\":\"https:\/\/www.jadek-pensa.si\/en\/about-us\/\"},{\"@type\":\"ListItem\",\"position\":3,\"name\":\"New Technologies\"}]},{\"@type\":\"WebSite\",\"@id\":\"https:\/\/www.jadek-pensa.si\/en\/#website\",\"url\":\"https:\/\/www.jadek-pensa.si\/en\/\",\"name\":\"Jadek &amp; Pensa\",\"description\":\"\",\"potentialAction\":[{\"@type\":\"SearchAction\",\"target\":{\"@type\":\"EntryPoint\",\"urlTemplate\":\"https:\/\/www.jadek-pensa.si\/en\/?s={search_term_string}\"},\"query-input\":{\"@type\":\"PropertyValueSpecification\",\"valueRequired\":true,\"valueName\":\"search_term_string\"}}],\"inLanguage\":\"en-US\"}]}<\/script>\n<!-- \/ Yoast SEO plugin. -->","yoast_head_json":{"title":"New Technologies - Jadek &amp; Pensa","robots":{"index":"index","follow":"follow","max-snippet":"max-snippet:-1","max-image-preview":"max-image-preview:large","max-video-preview":"max-video-preview:-1"},"canonical":"https:\/\/www.jadek-pensa.si\/en\/about-us\/new-technologies\/","og_locale":"en_US","og_type":"article","og_title":"New Technologies - Jadek &amp; Pensa","og_description":"At Jadek &amp; Pensa, we strongly believe in digitalisation and modern technologies. We have introduced several digital solutions into our work process and have ascertained the positive effects of digitalisation based on our own experience. This recognition makes us optimistic about the digitalisation of work processes and implementation of modern technologies more widely in the","og_url":"https:\/\/www.jadek-pensa.si\/en\/about-us\/new-technologies\/","og_site_name":"Jadek &amp; Pensa","article_modified_time":"2018-06-08T11:41:48+00:00","og_image":[{"width":2560,"height":1440,"url":"https:\/\/www.jadek-pensa.si\/wp-content\/uploads\/2024\/12\/social-image-scaled.jpg","type":"image\/jpeg"}],"twitter_card":"summary_large_image","twitter_misc":{"Est. reading time":"2 minutes"},"schema":{"@context":"https:\/\/schema.org","@graph":[{"@type":"WebPage","@id":"https:\/\/www.jadek-pensa.si\/en\/about-us\/new-technologies\/","url":"https:\/\/www.jadek-pensa.si\/en\/about-us\/new-technologies\/","name":"New Technologies - Jadek &amp; Pensa","isPartOf":{"@id":"https:\/\/www.jadek-pensa.si\/en\/#website"},"datePublished":"2018-05-31T11:30:42+00:00","dateModified":"2018-06-08T11:41:48+00:00","breadcrumb":{"@id":"https:\/\/www.jadek-pensa.si\/en\/about-us\/new-technologies\/#breadcrumb"},"inLanguage":"en-US","potentialAction":[{"@type":"ReadAction","target":["https:\/\/www.jadek-pensa.si\/en\/about-us\/new-technologies\/"]}]},{"@type":"BreadcrumbList","@id":"https:\/\/www.jadek-pensa.si\/en\/about-us\/new-technologies\/#breadcrumb","itemListElement":[{"@type":"ListItem","position":1,"name":"Home","item":"https:\/\/www.jadek-pensa.si\/en\/"},{"@type":"ListItem","position":2,"name":"About us","item":"https:\/\/www.jadek-pensa.si\/en\/about-us\/"},{"@type":"ListItem","position":3,"name":"New Technologies"}]},{"@type":"WebSite","@id":"https:\/\/www.jadek-pensa.si\/en\/#website","url":"https:\/\/www.jadek-pensa.si\/en\/","name":"Jadek &amp; Pensa","description":"","potentialAction":[{"@type":"SearchAction","target":{"@type":"EntryPoint","urlTemplate":"https:\/\/www.jadek-pensa.si\/en\/?s={search_term_string}"},"query-input":{"@type":"PropertyValueSpecification","valueRequired":true,"valueName":"search_term_string"}}],"inLanguage":"en-US"}]}},"_links":{"self":[{"href":"https:\/\/www.jadek-pensa.si\/en\/wp-json\/wp\/v2\/pages\/2662","targetHints":{"allow":["GET"]}}],"collection":[{"href":"https:\/\/www.jadek-pensa.si\/en\/wp-json\/wp\/v2\/pages"}],"about":[{"href":"https:\/\/www.jadek-pensa.si\/en\/wp-json\/wp\/v2\/types\/page"}],"author":[{"embeddable":true,"href":"https:\/\/www.jadek-pensa.si\/en\/wp-json\/wp\/v2\/users\/8"}],"replies":[{"embeddable":true,"href":"https:\/\/www.jadek-pensa.si\/en\/wp-json\/wp\/v2\/comments?post=2662"}],"version-history":[{"count":0,"href":"https:\/\/www.jadek-pensa.si\/en\/wp-json\/wp\/v2\/pages\/2662\/revisions"}],"up":[{"embeddable":true,"href":"https:\/\/www.jadek-pensa.si\/en\/wp-json\/wp\/v2\/pages\/516"}],"wp:attachment":[{"href":"https:\/\/www.jadek-pensa.si\/en\/wp-json\/wp\/v2\/media?parent=2662"}],"curies":[{"name":"wp","href":"https:\/\/api.w.org\/{rel}","templated":true}]}}